{"id":679,"date":"2020-10-26T15:19:41","date_gmt":"2020-10-26T14:19:41","guid":{"rendered":"https:\/\/vistaroses.es\/?page_id=679"},"modified":"2020-10-26T15:30:15","modified_gmt":"2020-10-26T14:30:15","slug":"aviso-legal-y-privacidad","status":"publish","type":"page","link":"https:\/\/vistaroses.es\/es\/aviso-legal-y-privacidad\/","title":{"rendered":"Aviso Legal y privacidad"},"content":{"rendered":"<p><\/p>\n<p><strong>AVISO LEGAL y POL\u00cdTICA DE PRIVACIDAD <\/strong><\/p>\n<ol>\n<li><strong>INFORMACI\u00d3N DEL TITULAR<\/strong><\/li>\n<\/ol>\n<p>En cumplimiento del art\u00edculo 10 de la Ley 34\/2002, de 11 de julio, de Servicios de la Sociedad de la Informaci\u00f3n y Comercio Electr\u00f3nico, a continuaci\u00f3n, se exponen los datos identificativos del Titular:<\/p>\n<table>\n<tbody>\n<tr>\n<td><a id=\"post-679-_Hlk517263586\"><\/a><br \/>\nweb:<\/td>\n<td><strong>http:\/\/vistaroses.es\/<\/strong><\/td>\n<\/tr>\n<tr>\n<td>\n  titular:<\/td>\n<td><strong>OPTICA Ginjolers, SL<\/strong> (En adelante VISTA OPTICA ROSES)<\/td>\n<\/tr>\n<tr>\n<td>\n  domicilio:<\/td>\n<td>\n   CALLE DE LA RIERA Ginjolers, 83 &#8211; BJ DR, 17480 ROSES (Gerona)<\/td>\n<\/tr>\n<tr>\n<td>\n  CIF:<\/td>\n<td>\n   B55214555<\/td>\n<\/tr>\n<tr>\n<td>\n  Tel\u00e9fono:<\/td>\n<td>\n  972255569<\/td>\n<\/tr>\n<tr>\n<td>\n  Correo electr\u00f3nico:<\/td>\n<td><a href=\"mailto:roses@vistaoptica.com\">roses@vistaoptica.com<\/a><\/td>\n<\/tr>\n<tr>\n<td><strong>Datos registrales:<\/strong><\/td>\n<td>\n  _______________________<\/td>\n<\/tr>\n<\/tbody>\n<\/table>\n<ol>\n<li><strong>CONDICIONES DE ACCESO Y USO<\/strong><\/li>\n<\/ol>\n<p>Cualquier persona que acceda a la Web de VISTA OPTICA ROSES tendr\u00e1 la consideraci\u00f3n de Usuario. El Usuario se compromete a utilizar la p\u00e1gina Web y aquellos servicios puestos a su disposici\u00f3n a trav\u00e9s de la misma, de manera acorde a la Ley, a la moral, a las buenas costumbres y al orden p\u00fablico, as\u00ed como con el que se dispone en las presentes cl\u00e1usulas. En consecuencia, queda obligado a no utilizar la Web con fines o efectos il\u00edcitos y \/ o contrarios a lo establecido, lesivos de derechos y \/ o intereses de terceros o que, de cualquier forma, puedan da\u00f1ar la Web o impedir su uso normal, o de los servicios accesibles a trav\u00e9s de la misma.<\/p>\n<p>La utilizaci\u00f3n de la Web y \/ o de sus Servicios, supondr\u00e1 la aceptaci\u00f3n plena y sin reservas, y la validez, de todas y cada una de las cl\u00e1usulas recogidas en la \u00faltima versi\u00f3n actualizada de este Aviso Legal, por lo que la Usuario deber\u00e1 ser consciente de la importancia de leerlas cada vez que visite la Web.<\/p>\n<ol>\n<li><strong>PROPIEDAD INTELECTUAL<\/strong><\/li>\n<\/ol>\n<p>El c\u00f3digo fuente, los dise\u00f1os gr\u00e1ficos, las im\u00e1genes, las fotograf\u00edas, los videos, los sonidos, las animaciones, el software, los textos, as\u00ed como la informaci\u00f3n y los contenidos que se recogen en la Web est\u00e1n protegidos por la legislaci\u00f3n espa\u00f1ola sobre los derechos de propiedad intelectual e industrial a favor de VISTA OPTICA ROSES o de terceras licencias. No se permite la reproducci\u00f3n y \/ o publicaci\u00f3n, total o parcial, de la Web, ni su tratamiento inform\u00e1tico, su distribuci\u00f3n, su difusi\u00f3n, ni su modificaci\u00f3n, transformaci\u00f3n o descompilaci\u00f3n, ni dem\u00e1s derechos reconocidos legalmente a su titular, sin el permiso previo y por escrito del mismo. El Usuario, \u00fanica y exclusivamente, puede utilizar el material que aparezca en la Web para su uso personal y privado, quedando prohibido su uso con fines comerciales o para incurrir en actividades il\u00edcitas. Todos los derechos derivados de la propiedad intelectual est\u00e1n expresamente reservados por VISTA OPTICA ROSES o las terceras licencias, que velar\u00e1 por el cumplimiento de las anteriores condiciones como por la debida utilizaci\u00f3n de los contenidos presentados en sus p\u00e1ginas web, ejercitando todas las acciones civiles y penales que le correspondan en el caso de infracci\u00f3n o incumplimiento de estos derechos por parte del Usuario.<\/p>\n<ol>\n<li><strong>POL\u00cdTICA DE PRIVACIDAD.<\/strong><\/li>\n<\/ol>\n<p><strong>VISTA OPTICA ROSES <\/strong>se compromete a proteger la privacidad de los usuarios que accedan a esta web y \/ o cualquiera de sus servicios. La utilizaci\u00f3n de la web y \/ cualquiera de los servicios ofrecidos por VISTA OPTICA ROSES, implica la aceptaci\u00f3n por parte del usuario de las disposiciones contenidas en la presente Aviso Legal y Pol\u00edtica de Privacidad y que sus datos personales sean tratados seg\u00fan se estipula . Por favor tenga en cuenta que aunque pueda haber enlaces de nuestra web a otras webs, esta Pol\u00edtica de Privacidad no se aplica a otras compa\u00f1\u00edas u organizaciones a las que la web est\u00e9 redirigido. VISTA OPTICA ROSES no controla el contenido de los sitios de terceros ni acepta ning\u00fan tipo de responsabilidad por el contenido o las pol\u00edticas de privacidad de estos sitios.<\/p>\n<ol>\n<li><strong>CUESTIONES SOBRE PRIVACIDAD<\/strong><\/li>\n<\/ol>\n<p>En cumplimiento del Reglamento (UE) 2016\/679 del Parlamento Europeo y del Consejo, de 27 de abril de 2016, (RGPD) y de la Ley Org\u00e1nica 3\/2018, de 5 de diciembre, de Protecci\u00f3n de Datos Personales y garant\u00eda de los derechos digitales (LOPD GDD), le ofrecemos la siguiente informaci\u00f3n sobre el tratamiento de sus datos personales:<\/p>\n<p><strong>\u00bfQui\u00e9n es el responsable del tratamiento de sus datos?<\/strong><\/p>\n<p><strong>VISTA OPTICA ROSES <\/strong><\/p>\n<p><strong>Nuestros datos figuran en el inicio de este aviso legal.<\/strong><\/p>\n<ul>\n<li>\n    Tratamos la informaci\u00f3n que se nos facilita para prestar y facturar nuestros servicios y productos.<\/li>\n<li>\n    Si nos da su consentimiento tambi\u00e9n podremos tratar sus datos para enviarle informaci\u00f3n sobre nuestras actividades, productos o servicios.<\/li>\n<li><strong>\u00bfDurante cu\u00e1nto tiempo conservaremos sus datos?<\/strong><\/li>\n<\/ul>\n<p>Los datos personales proporcionados se conservar\u00e1n mientras sea usuario de nuestros servicios o quiera recibir informaci\u00f3n, y si participa en una promoci\u00f3n mientras est\u00e9 activa, y luego, durante el plazos establecidos para cumplir con nuestras obligaciones legales.<\/p>\n<ul>\n<li><strong>\u00bf<\/strong> \u00bfCu\u00e1l es la legitimaci\u00f3n para el tratamiento de sus datos?<\/li>\n<li>\n     La base legal para los tratamientos de sus datos son los consentimientos que nos da.<\/li>\n<li>\n    (Menores de 16 a\u00f1os) Se entender\u00e1 que la informaci\u00f3n enviada por menores de 16 a\u00f1os lo ha sido por el consentimiento de sus representantes legales. De no ser as\u00ed el \/ la representante legal lo har\u00e1 saber en cuanto sea posible.<\/li>\n<li><strong>\u00bf<\/strong> A qu\u00e9 destinatarios se comunicar\u00e1n sus datos?<\/li>\n<\/ul>\n<p>Los datos no ser\u00e1n comunicados a terceros, a menos que lo exija una ley o sea necesario para cumplir con la finalidad del tratamiento.<\/p>\n<ul>\n<li>\n    Cualquier persona tiene derecho a obtener confirmaci\u00f3n sobre si estamos tratando o no sus datos personales.<\/li>\n<li>\n    Los interesados \u200b\u200btienen derecho a acceder a sus datos personales, as\u00ed como a solicitar la rectificaci\u00f3n de los datos inexactos o, en su caso, solicitar su supresi\u00f3n cuando, entre otros motivos, los datos ya no sean necesarias para las finalidades para las que se recogieron.<\/li>\n<li>\n    En determinadas circunstancias los interesados \u200b\u200bpodr\u00e1n solicitar la limitaci\u00f3n del tratamiento de sus datos, en este caso \u00fanicamente las conservaremos para el ejercicio o la defensa de reclamaciones.<\/li>\n<\/ul>\n<p>En determinadas circunstancias y por motivos relacionados con su situaci\u00f3n particular, los \/ las interesados \u200b\u200b\/ as podr\u00e1n oponerse al tratamiento de sus datos. En este caso dejaremos de tratarlas, excepto por motivos leg\u00edtimos imperiosos o para el ejercicio o la defensa de posibles reclamaciones.<\/p>\n<ul>\n<li>\n    Los interesados \u200b\u200btambi\u00e9n tienen derecho a la portabilidad de sus datos.<\/li>\n<li>\n    Finalmente, los \/ las interesados \u200b\u200b\/ as tienen derecho a presentar una reclamaci\u00f3n ante la Autoridad de Control competente.<\/li>\n<li><strong>\u00bf<\/strong> Como puede ejercer sus derechos?<\/li>\n<\/ul>\n<p>Enviando un escrito adjuntando una copia de un documento que lo identifique a nuestra direcci\u00f3n f\u00edsica o electr\u00f3nica (que aparecen al principio del presente Aviso Legal.<\/p>\n<ul>\n<li><strong>\u00bf<\/strong> Como hemos obtenido sus datos?<\/li>\n<\/ul>\n<p>Los datos personales que tratamos proceden del propio interesado, quien garantiza que los datos personales facilitados son ciertos y se hace responsable de comunicar cualquier modificaci\u00f3n. Los datos que est\u00e9n marcadas con un asterisco son obligatorias para poderle dar el servicio solicitado.<\/p>\n<ul>\n<li><strong>\u00bf<\/strong> Qu\u00e9 datos tratamos?<\/li>\n<\/ul>\n<p>Las categor\u00edas de datos que podemos tratar son:<\/p>\n<ul>\n<li>\n    Datos de car\u00e1cter identificativo.<\/li>\n<li>\n    Direcciones postales o electr\u00f3nicas<\/li>\n<li>\n    Otros datos solicitados en nuestros formularios.<\/li>\n<\/ul>\n<p>Los datos son limitadas, dado que \u00fanicamente tratamos los datos necesarios para la prestaci\u00f3n de nuestros servicios y la gesti\u00f3n de nuestra actividad.<\/p>\n<ol>\n<li><strong>\u00bfQU\u00c9 MEDIDAS DE SEGURIDAD APLICAMOS?<\/strong><\/li>\n<\/ol>\n<p>Aplicamos las medidas de seguridad establecidas en el art\u00edculo 32 del RGPD, por tanto hemos adoptado las medidas de seguridad necesarias para garantizar un nivel de seguridad adecuado al riesgo del tratamiento de datos que realizamos, con mecanismos que nos permiten garantizar la confidencialidad, integridad, disponibilidad y resiliencia permanente de los sistemas y servicios de tratamiento.<\/p>\n<p>Algunas de estas medidas son:<\/p>\n<ul>\n<li>\n    Informaci\u00f3n de las pol\u00edticas de tratamiento de datos al personal.<\/li>\n<li>\n    Realizaci\u00f3n de copias de seguridad peri\u00f3dicas.<\/li>\n<li>\n    Control de acceso a los datos.<\/li>\n<li>\n    Procesos de verificaci\u00f3n, evaluaci\u00f3n y valoraci\u00f3n regulares.<\/li>\n<\/ul>\n<ol>\n<li><strong>EXCLUSI\u00d3N DE RESPONSABILIDAD<\/strong><\/li>\n<\/ol>\n<p><strong>VISTA OPTICA ROSES<\/strong>act\u00faa con la m\u00e1xima diligencia posible para que los datos y la informaci\u00f3n que ofrece en su sitio web est\u00e9 en todo momento, si bien no garantiza ni se hace responsable de la exactitud y actualizaci\u00f3n de los contenidos del sitio web, reserv\u00e1ndose el derecho a modificar estos contenidos en cualquier momento. VISTA OPTICA ROSES tampoco ser\u00e1 responsable de la informaci\u00f3n que se puede obtener a trav\u00e9s de enlaces incluidos en el sitio web.<\/p>\n<p>Las relaciones comerciales con los clientes se regir\u00e1n por las condiciones generales que, en su caso, se establezcan por VISTA OPTICA ROSES en un documento espec\u00edfico a tal efecto, o por los pactos concretos que se puedan acordar con los clientes.<\/p>\n<ol>\n<li><strong>POL\u00cdTICA DE INFORMACI\u00d3N Y PUBLICIDAD COMERCIAL.<\/strong><\/li>\n<\/ol>\n<p><strong>VISTA OPTICA ROSES<\/strong> se compromete a trav\u00e9s de este medio a no realizar publicidad enga\u00f1osa. A estos efectos, por lo tanto, no ser\u00e1n considerados como publicidad enga\u00f1osa los errores formales o num\u00e9ricos que puedan encontrarse a lo largo del contenido de las distintas secciones de la Web, producidos como consecuencia de un mantenimiento y \/ o actualizaci\u00f3n incompleta de la informaci\u00f3n contenida en estas secciones. VISTA OPTICA ROSAS,como consecuencia de lo dispuesto en este apartado, se compromete a corregirlo tan pronto como tenga conocimiento de dichos errores.<\/p>\n<p><strong>VISTA OPTICA ROSES<\/strong>se compromete a no remitir comunicaciones comerciales sin identificarlas como tales, conforme a lo dispuesto en la Ley 34\/2002 de Servicios de la Sociedad de la Informaci\u00f3n y de comercio electr\u00f3nico. A estos efectos no ser\u00e1 considerado como comunicaci\u00f3n comercial toda la informaci\u00f3n que se env\u00ede a los clientes de VISTA OPTICA ROSESsiempre que tenga por finalidad el mantenimiento de la relaci\u00f3n contractual existente entre cliente y VISTA OPTICA ROSAS, as\u00ed como el desempe\u00f1o de las tareas de informaci\u00f3n y otras actividades propias del servicio que el cliente tiene contratado.<\/p>\n<ol>\n<li><strong>CONDICIONES DE USO. JURISDICCI\u00d3N Y LEYES APLICABLES.<\/strong><\/li>\n<\/ol>\n<p>El uso de este sitio web implica la aceptaci\u00f3n plena de los t\u00e9rminos del presente aviso legal. El presente Aviso Legal y todas las relaciones que se establezcan entre <strong>VISTA OPTICA ROSES <\/strong>y el Usuario de la Web y sus servicios se regir\u00e1n por lo establecido en la legislaci\u00f3n espa\u00f1ola.<\/p>\n<p><\/p>","protected":false},"excerpt":{"rendered":"<p>AVISO LEGAL y POL\u00cdTICA DE PRIVACIDAD INFORMACI\u00d3N DEL TITULAR En cumplimiento del art\u00edculo 10 de la Ley 34\/2002, de 11 de julio, de Servicios de la Sociedad de la Informaci\u00f3n y Comercio Electr\u00f3nico, a continuaci\u00f3n, se exponen los datos identificativos del Titular: web: http:\/\/vistaroses.es\/ titular: OPTICA Ginjolers, SL (En adelante VISTA OPTICA ROSES) domicilio: CALLE&hellip;<\/p>\n","protected":false},"author":1,"featured_media":0,"parent":0,"menu_order":0,"comment_status":"closed","ping_status":"closed","template":"","meta":[],"yoast_head":"<!-- This site is optimized with the Yoast SEO plugin v21.8.1 - https:\/\/yoast.com\/wordpress\/plugins\/seo\/ -->\n<title>Aviso Legal y privacidad - vistaoptica<\/title>\n<meta name=\"robots\" content=\"index, follow, max-snippet:-1, max-image-preview:large, max-video-preview:-1\" \/>\n<link rel=\"canonical\" href=\"https:\/\/vistaroses.es\/aviso-legal-y-privacidad\/\" \/>\n<meta property=\"og:locale\" content=\"es_ES\" \/>\n<meta property=\"og:type\" content=\"article\" \/>\n<meta property=\"og:title\" content=\"Aviso Legal y privacidad - vistaoptica\" \/>\n<meta property=\"og:description\" content=\"AVISO LEGAL y POL\u00cdTICA DE PRIVACIDAD INFORMACI\u00d3N DEL TITULAR En cumplimiento del art\u00edculo 10 de la Ley 34\/2002, de 11 de julio, de Servicios de la Sociedad de la Informaci\u00f3n y Comercio Electr\u00f3nico, a continuaci\u00f3n, se exponen los datos identificativos del Titular: web: http:\/\/vistaroses.es\/ titular: OPTICA Ginjolers, SL (En adelante VISTA OPTICA ROSES) domicilio: CALLE&hellip;\" \/>\n<meta property=\"og:url\" content=\"https:\/\/vistaroses.es\/aviso-legal-y-privacidad\/\" \/>\n<meta property=\"og:site_name\" content=\"vistaoptica\" \/>\n<meta property=\"article:publisher\" content=\"https:\/\/www.facebook.com\/VitaopticaRoses\" \/>\n<meta property=\"article:modified_time\" content=\"2020-10-26T14:30:15+00:00\" \/>\n<meta name=\"twitter:card\" content=\"summary_large_image\" \/>\n<meta name=\"twitter:site\" content=\"@VistaOpt_Roses\" \/>\n<meta name=\"twitter:label1\" content=\"Tiempo de lectura\" \/>\n\t<meta name=\"twitter:data1\" content=\"17 minutos\" \/>\n<script type=\"application\/ld+json\" class=\"yoast-schema-graph\">{\"@context\":\"https:\/\/schema.org\",\"@graph\":[{\"@type\":\"WebPage\",\"@id\":\"https:\/\/vistaroses.es\/aviso-legal-y-privacidad\/\",\"url\":\"https:\/\/vistaroses.es\/aviso-legal-y-privacidad\/\",\"name\":\"Aviso Legal y privacidad - vistaoptica\",\"isPartOf\":{\"@id\":\"https:\/\/vistaroses.es\/es\/#website\"},\"datePublished\":\"2020-10-26T14:19:41+00:00\",\"dateModified\":\"2020-10-26T14:30:15+00:00\",\"breadcrumb\":{\"@id\":\"https:\/\/vistaroses.es\/aviso-legal-y-privacidad\/#breadcrumb\"},\"inLanguage\":\"es\",\"potentialAction\":[{\"@type\":\"ReadAction\",\"target\":[\"https:\/\/vistaroses.es\/aviso-legal-y-privacidad\/\"]}]},{\"@type\":\"BreadcrumbList\",\"@id\":\"https:\/\/vistaroses.es\/aviso-legal-y-privacidad\/#breadcrumb\",\"itemListElement\":[{\"@type\":\"ListItem\",\"position\":1,\"name\":\"Home\",\"item\":\"https:\/\/vistaroses.es\/es\/\"},{\"@type\":\"ListItem\",\"position\":2,\"name\":\"Aviso Legal y privacidad\"}]},{\"@type\":\"WebSite\",\"@id\":\"https:\/\/vistaroses.es\/es\/#website\",\"url\":\"https:\/\/vistaroses.es\/es\/\",\"name\":\"vistaoptica\",\"description\":\"Tienda de vistaoptica a Roses Girona\",\"potentialAction\":[{\"@type\":\"SearchAction\",\"target\":{\"@type\":\"EntryPoint\",\"urlTemplate\":\"https:\/\/vistaroses.es\/es\/?s={search_term_string}\"},\"query-input\":\"required name=search_term_string\"}],\"inLanguage\":\"es\"}]}<\/script>\n<!-- \/ Yoast SEO plugin. -->","yoast_head_json":{"title":"Aviso Legal y privacidad - vistaoptica","robots":{"index":"index","follow":"follow","max-snippet":"max-snippet:-1","max-image-preview":"max-image-preview:large","max-video-preview":"max-video-preview:-1"},"canonical":"https:\/\/vistaroses.es\/aviso-legal-y-privacidad\/","og_locale":"es_ES","og_type":"article","og_title":"Aviso Legal y privacidad - vistaoptica","og_description":"AVISO LEGAL y POL\u00cdTICA DE PRIVACIDAD INFORMACI\u00d3N DEL TITULAR En cumplimiento del art\u00edculo 10 de la Ley 34\/2002, de 11 de julio, de Servicios de la Sociedad de la Informaci\u00f3n y Comercio Electr\u00f3nico, a continuaci\u00f3n, se exponen los datos identificativos del Titular: web: http:\/\/vistaroses.es\/ titular: OPTICA Ginjolers, SL (En adelante VISTA OPTICA ROSES) domicilio: CALLE&hellip;","og_url":"https:\/\/vistaroses.es\/aviso-legal-y-privacidad\/","og_site_name":"vistaoptica","article_publisher":"https:\/\/www.facebook.com\/VitaopticaRoses","article_modified_time":"2020-10-26T14:30:15+00:00","twitter_card":"summary_large_image","twitter_site":"@VistaOpt_Roses","twitter_misc":{"Tiempo de lectura":"17 minutos"},"schema":{"@context":"https:\/\/schema.org","@graph":[{"@type":"WebPage","@id":"https:\/\/vistaroses.es\/aviso-legal-y-privacidad\/","url":"https:\/\/vistaroses.es\/aviso-legal-y-privacidad\/","name":"Aviso Legal y privacidad - vistaoptica","isPartOf":{"@id":"https:\/\/vistaroses.es\/es\/#website"},"datePublished":"2020-10-26T14:19:41+00:00","dateModified":"2020-10-26T14:30:15+00:00","breadcrumb":{"@id":"https:\/\/vistaroses.es\/aviso-legal-y-privacidad\/#breadcrumb"},"inLanguage":"es","potentialAction":[{"@type":"ReadAction","target":["https:\/\/vistaroses.es\/aviso-legal-y-privacidad\/"]}]},{"@type":"BreadcrumbList","@id":"https:\/\/vistaroses.es\/aviso-legal-y-privacidad\/#breadcrumb","itemListElement":[{"@type":"ListItem","position":1,"name":"Home","item":"https:\/\/vistaroses.es\/es\/"},{"@type":"ListItem","position":2,"name":"Aviso Legal y privacidad"}]},{"@type":"WebSite","@id":"https:\/\/vistaroses.es\/es\/#website","url":"https:\/\/vistaroses.es\/es\/","name":"vistaoptica","description":"Tienda de vistaoptica a Roses Girona","potentialAction":[{"@type":"SearchAction","target":{"@type":"EntryPoint","urlTemplate":"https:\/\/vistaroses.es\/es\/?s={search_term_string}"},"query-input":"required name=search_term_string"}],"inLanguage":"es"}]}},"_links":{"self":[{"href":"https:\/\/vistaroses.es\/es\/wp-json\/wp\/v2\/pages\/679"}],"collection":[{"href":"https:\/\/vistaroses.es\/es\/wp-json\/wp\/v2\/pages"}],"about":[{"href":"https:\/\/vistaroses.es\/es\/wp-json\/wp\/v2\/types\/page"}],"author":[{"embeddable":true,"href":"https:\/\/vistaroses.es\/es\/wp-json\/wp\/v2\/users\/1"}],"replies":[{"embeddable":true,"href":"https:\/\/vistaroses.es\/es\/wp-json\/wp\/v2\/comments?post=679"}],"version-history":[{"count":7,"href":"https:\/\/vistaroses.es\/es\/wp-json\/wp\/v2\/pages\/679\/revisions"}],"predecessor-version":[{"id":689,"href":"https:\/\/vistaroses.es\/es\/wp-json\/wp\/v2\/pages\/679\/revisions\/689"}],"wp:attachment":[{"href":"https:\/\/vistaroses.es\/es\/wp-json\/wp\/v2\/media?parent=679"}],"curies":[{"name":"wp","href":"https:\/\/api.w.org\/{rel}","templated":true}]}}