{"id":672,"date":"2020-10-26T15:08:37","date_gmt":"2020-10-26T14:08:37","guid":{"rendered":"https:\/\/vistaroses.es\/?page_id=672"},"modified":"2020-10-26T15:40:30","modified_gmt":"2020-10-26T14:40:30","slug":"politica-de-cookies","status":"publish","type":"page","link":"https:\/\/vistaroses.es\/es\/politica-de-cookies\/","title":{"rendered":"Pol\u00edtica de cookies"},"content":{"rendered":"<p><\/p>\n<p><strong>POLITICA DE COOKIES<\/strong><\/p>\n<p>En cumplimiento de la Ley 34\/2002 de Servicios de la Informaci\u00f3n y del Comercio Electr\u00f3nico (LSSICE), se informa de los siguientes aspectos legales de la web:<\/p>\n<table>\n<tbody>\n<tr>\n<td>web:<\/td>\n<td><strong>http:\/\/vistaroses.es\/<\/strong><\/td>\n<\/tr>\n<tr>\n<td>titular:<\/td>\n<td><strong>OPTICA Ginjolers, SL<\/strong> (En adelante VISTA OPTICA ROSES)<\/td>\n<\/tr>\n<tr>\n<td>domicilio:<\/td>\n<td>CALLE DE LA RIERA Ginjolers, 83 &#8211; BJ DR, 17480 ROSES (Gerona)<\/td>\n<\/tr>\n<tr>\n<td>CIF:<\/td>\n<td>B55214555<\/td>\n<\/tr>\n<tr>\n<td>Tel\u00e9fono:<\/td>\n<td>972255569<\/td>\n<\/tr>\n<tr>\n<td>Correo electr\u00f3nico:<\/td>\n<td><a href=\"mailto:roses@vistaoptica.com\">roses@vistaoptica.com<\/a><\/td>\n<\/tr>\n<tr>\n<td><strong>Datos registrales:<\/strong><\/td>\n<td>_______________________<a id=\"post-672-_Hlk17192134\"><\/a><a id=\"post-672-_Hlk517263586\"><\/a><\/td>\n<\/tr>\n<\/tbody>\n<\/table>\n<p><strong>VISTA OPTICA ROSES<\/strong>puede recopilar informaci\u00f3n sobre los h\u00e1bitos de b\u00fasqueda de los usuarios del sitio web por medio de cookies o archivos de registro. No se utilizar\u00e1n las cookies para recoger informaci\u00f3n de car\u00e1cter personal. S\u00f3lo se instalar\u00e1n si el Usuario permanece y contin\u00faa navegando en nuestra p\u00e1gina web, entendiendo que consiente su uso e instalaci\u00f3n. A continuaci\u00f3n proporcionamos informaci\u00f3n detallada sobre: \u200b\u200bqu\u00e9 son las \u00abcookies\u00bb, que tipolog\u00eda utiliza este sitio web, como pueden desactivarlas en el navegador y como bloquear espec\u00edficamente la instalaci\u00f3n de Cookies de terceros.<\/p>\n<p><strong>\u00bfQu\u00e9 son las cookies?<\/strong><\/p>\n<p>Las cookies son peque\u00f1os archivos de texto generados por las p\u00e1ginas web que el usuario visita, las cuales contienen los datos de sesi\u00f3n que pueden ser de utilidad m\u00e1s adelante en la p\u00e1gina web. Los datos permiten que la p\u00e1gina web pueda mantener su informaci\u00f3n entre las p\u00e1ginas, y tambi\u00e9n para analizar la forma de interactuar con el sitio.<\/p>\n<p>Las cookies son seguras ya que s\u00f3lo pueden almacenar la informaci\u00f3n que se puso en su lugar por el navegador, la informaci\u00f3n que el usuario hubiera introducido en el navegador o la que se incluye en la solicitud de p\u00e1gina. No pueden ejecutar c\u00f3digo y no se pueden utilizar para acceder al equipo del Usuario.<\/p>\n<p>Las cookies son esenciales para el funcionamiento de Internet, aportando innumerables ventajas en la prestaci\u00f3n de servicios interactivos, facilitando la navegaci\u00f3n y usabilidad de las p\u00e1ginas web. Las cookies no pueden da\u00f1ar los equipos y que est\u00e9n activadas ayuda a identificar y resolver los errores.<\/p>\n<p><strong>Tipo de cookies<\/strong><\/p>\n<p>A continuaci\u00f3n, proporcionamos m\u00e1s informaci\u00f3n para que se entiendan mejor los diferentes tipos de cookies que pueden ser utilizados:<\/p>\n<table>\n<tbody>\n<tr>\n<td><strong>Seg\u00fan su finalidad<\/strong><\/td>\n<td><\/td>\n<\/tr>\n<tr>\n<td>cookies t\u00e9cnicas<\/td>\n<td>Las cookies t\u00e9cnicas son aquellas imprescindibles y estrictamente necesarios para el correcto funcionamiento de un portal web y la utilizaci\u00f3n de las diferentes opciones y servicios que ofrece.<\/p>\n<p>Por ejemplo, las que sirven para el mantenimiento de la sesi\u00f3n, la gesti\u00f3n del tiempo de respuesta, rendimiento o validaci\u00f3n de opciones, utilizar elementos de seguridad, compartir contenido con redes sociales, etc.<\/td>\n<\/tr>\n<tr>\n<td>Cookies de personalizaci\u00f3n<\/td>\n<td>Estas cookies permiten al usuario especificar o personalizar algunas caracter\u00edsticas de las opciones generales de la p\u00e1gina web, por ejemplo, definir el idioma, configuraci\u00f3n regional o tipo de navegador.<\/td>\n<\/tr>\n<tr>\n<td>cookies anal\u00edticas<\/td>\n<td>Las cookies anal\u00edticas son las utilizadas por nuestros portales Web, para elaborar perfiles de navegaci\u00f3n y poder conocer las preferencias de los usuarios del mismo con el fin de mejorar la oferta de productos y servicios.<\/p>\n<p>Por ejemplo, mediante una cookie anal\u00edtica se controlar\u00edan las \u00e1reas geogr\u00e1ficas de mayor inter\u00e9s de un usuario, cu\u00e1l es el producto de m\u00e1s aceptaci\u00f3n, etc.<\/td>\n<\/tr>\n<tr>\n<td>Cookies publicitarias \/ de publicidad<\/td>\n<td>Las cookies publicitarias permiten la gesti\u00f3n de los espacios publicitarios en base a criterios concretos. Por ejemplo la frecuencia de acceso, el contenido editado, etc.<\/p>\n<p>Las cookies de publicidad permiten a trav\u00e9s de la gesti\u00f3n de la publicidad almacenar informaci\u00f3n del comportamiento a trav\u00e9s de la observaci\u00f3n de h\u00e1bitos, estudiando los accesos y formando un perfil de preferencias del usuario, para ofrecer publicidad relacionada con los intereses de su perfil.<\/td>\n<\/tr>\n<\/tbody>\n<\/table>\n<table>\n<tbody>\n<tr>\n<td><strong>seg\u00fan plazo<\/strong><\/td>\n<td><\/td>\n<\/tr>\n<tr>\n<td>Cookies de sesi\u00f3n<\/td>\n<td>Las cookies de sesi\u00f3n son aquellas que duran el tiempo que el usuario est\u00e1 navegando por la p\u00e1gina web y se borran al final.<\/td>\n<\/tr>\n<tr>\n<td>cookies persistentes<\/td>\n<td>Estas cookies quedan almacenadas en el terminal del usuario, por un tiempo m\u00e1s largo, facilitando as\u00ed el control de las preferencias elegidas sin tener que repetir ciertos par\u00e1metros cada vez que se visite el sitio web.<\/td>\n<\/tr>\n<\/tbody>\n<\/table>\n<p><strong>Relaci\u00f3n y descripci\u00f3n de cookies<\/strong><\/p>\n<p>La tabla que publicamos a continuaci\u00f3n recoge de forma esquematizada las cookies anteriormente descritas y utilizadas en nuestra p\u00e1gina web:<\/p>\n<table>\n<tbody>\n<tr>\n<td>dominio<\/td>\n<td>nombre<\/td>\n<td>duraci\u00f3n<\/td>\n<td>prop\u00f3sito<\/td>\n<td>tama\u00f1o<\/td>\n<\/tr>\n<tr>\n<td rowspan=\"2\"><strong>vistaroses.es<\/strong><\/td>\n<td>__cfduid<\/td>\n<td>1 a\u00f1o<\/td>\n<td>(CloudFlare) La cookie &#8216;__cfduid&#8217; es establecida por el servicio de CloudFlare para identificar tr\u00e1fico web de confianza. No corresponde a ning\u00fan usuario en la aplicaci\u00f3n web, ni guarda ning\u00fan dato personal identificable.<\/td>\n<td>51<\/td>\n<\/tr>\n<tr>\n<td>qtrans_front_language<\/td>\n<td>1 a\u00f1o<\/td>\n<td>Se usa para saber el idioma seleccionado por el usuario en su \u00faltima visita.<\/td>\n<td>23<\/td>\n<\/tr>\n<\/tbody>\n<\/table>\n<p><strong>Consentimiento.<\/strong><\/p>\n<p>El usuario deber\u00e1 aceptar de forma expl\u00edcita y activa el uso de las cookies antes anunciadas, por los per\u00edodos se\u00f1alados anteriormente y en las condiciones contenidas en la presente Pol\u00edtica de Cookies. .<\/p>\n<p><strong>Retirada del Consentimiento.<\/strong><\/p>\n<p>El usuario podr\u00e1 retirar en cualquier momento su consentimiento relacionado con esta Pol\u00edtica de cookies, por eso tendr\u00e1 que eliminar las cookies almacenadas en su equipo utilizando los ajustes y configuraciones de su navegador de internet.<\/p>\n<p><strong>Gesti\u00f3n de cookies: Garant\u00edas complementarias.<\/strong><\/p>\n<p>Todos los navegadores de Internet permiten limitar el comportamiento de una cookie o desactivarlas dentro de la configuraci\u00f3n o las opciones del navegador. Los pasos para hacerlo son diferentes para cada navegador, pudi\u00e9ndose encontrar instrucciones en el men\u00fa de ayuda de cada navegador.<\/p>\n<p>Muchos navegadores permiten activar un modo privado mediante el cual las cookies se borran siempre despu\u00e9s de la visita. Dependiendo de cada navegador este modo privado, puede tener diferentes nombres. A continuaci\u00f3n se puede encontrar una lista de los navegadores m\u00e1s comunes con un enlace a la configuraci\u00f3n de cookies y los diferentes nombres de este \u00abmodo privado\u00bb:<\/p>\n<ul>\n<li><strong>Internet Explorer<\/strong>: <a href=\"http:\/\/windows.microsoft.com\/es-xl\/internet-explorer\/delete-manage-cookies&quot; \\l &quot;ie=ie-11\">http:\/\/windows.microsoft.com\/es-xl\/internet-explorer\/delete-manage-cookies#ie=ie-11<\/a><\/li>\n<li><strong>FireFox:<\/strong> <a href=\"https:\/\/support.mozilla.org\/es\/kb\/Borrar cookies\">https:\/\/support.mozilla.org\/es\/kb\/Borrar%20cookies<\/a><\/li>\n<li><strong>Chrome:<\/strong> <a href=\"https:\/\/support.google.com\/chrome\/answer\/95647?hl=es\">https:\/\/support.google.com\/chrome\/answer\/95647?hl=es<\/a><\/li>\n<li><strong>safari<\/strong>: <a href=\"http:\/\/www.apple.com\/legal\/privacy\/es\/cookies\/\">http:\/\/www.apple.com\/legal\/privacy\/es\/cookies\/<\/a><\/li>\n<li><strong>opera:<\/strong> <a href=\"http:\/\/help.opera.com\/Linux\/10.50\/en\/cookies.html\">http:\/\/help.opera.com\/Linux\/10.50\/en\/cookies.html<\/a><\/li>\n<li><strong>Safari para iOS (dispositivos iPhone y iPad):<\/strong> <a href=\"http:\/\/help.opera.com\/Linux\/10.50\/en\/cookies.html\">http:\/\/help.opera.com\/Linux\/10.50\/en\/cookies.html<\/a><\/li>\n<li><strong>Chrome para Android:<\/strong> <a href=\"https:\/\/support.google.com\/chrome\/answer\/2392971?hl=es\">https:\/\/support.google.com\/chrome\/answer\/2392971?hl=es<\/a><\/li>\n<li><strong>Windows Phone:<\/strong> <a href=\"http:\/\/www.windowsphone.com\/es-es\/how-to\/wp7\/web\/changing-privacy-and-other-browser-\">http:\/\/www.windowsphone.com\/es-es\/how-to\/wp7\/web\/changing-privacy-and-other-browser-<\/a><\/li>\n<\/ul>\n<p>Para obtener m\u00e1s informaci\u00f3n sobre la eliminaci\u00f3n, deshabilitaci\u00f3n o bloqueo de las cookies tambi\u00e9n puede:<a href=\"http:\/\/www.aboutcookies.org\/Default.aspx?page=2\">http:\/\/www.aboutcookies.org\/Default.aspx?page=2<\/a><\/p>\n<p><strong>Actualizaci\u00f3n de la pol\u00edtica de cookies. <\/strong><\/p>\n<p>Este sitio web puede modificar esta Pol\u00edtica de Cookies, por eso le recomendamos revisar esta pol\u00edtica cada vez que acceda a nuestro sitio web para estar adecuadamente informado sobre el uso que hacemos de las cookies.<\/p>\n<blockquote><p><\/p><\/blockquote>","protected":false},"excerpt":{"rendered":"<p>POLITICA DE COOKIES En cumplimiento de la Ley 34\/2002 de Servicios de la Informaci\u00f3n y del Comercio Electr\u00f3nico (LSSICE), se informa de los siguientes aspectos legales de la web: web: http:\/\/vistaroses.es\/ titular: OPTICA Ginjolers, SL (En adelante VISTA OPTICA ROSES) domicilio: CALLE DE LA RIERA Ginjolers, 83 &#8211; BJ DR, 17480 ROSES (Gerona) CIF: B55214555&hellip;<\/p>\n","protected":false},"author":1,"featured_media":0,"parent":0,"menu_order":0,"comment_status":"closed","ping_status":"closed","template":"","meta":[],"yoast_head":"<!-- This site is optimized with the Yoast SEO plugin v21.8.1 - https:\/\/yoast.com\/wordpress\/plugins\/seo\/ -->\n<title>Pol\u00edtica de cookies - vistaoptica<\/title>\n<meta name=\"robots\" content=\"index, follow, max-snippet:-1, max-image-preview:large, max-video-preview:-1\" \/>\n<link rel=\"canonical\" href=\"https:\/\/vistaroses.es\/politica-de-cookies\/\" \/>\n<meta property=\"og:locale\" content=\"es_ES\" \/>\n<meta property=\"og:type\" content=\"article\" \/>\n<meta property=\"og:title\" content=\"Pol\u00edtica de cookies - vistaoptica\" \/>\n<meta property=\"og:description\" content=\"POLITICA DE COOKIES En cumplimiento de la Ley 34\/2002 de Servicios de la Informaci\u00f3n y del Comercio Electr\u00f3nico (LSSICE), se informa de los siguientes aspectos legales de la web: web: http:\/\/vistaroses.es\/ titular: OPTICA Ginjolers, SL (En adelante VISTA OPTICA ROSES) domicilio: CALLE DE LA RIERA Ginjolers, 83 &#8211; BJ DR, 17480 ROSES (Gerona) CIF: B55214555&hellip;\" \/>\n<meta property=\"og:url\" content=\"https:\/\/vistaroses.es\/politica-de-cookies\/\" \/>\n<meta property=\"og:site_name\" content=\"vistaoptica\" \/>\n<meta property=\"article:publisher\" content=\"https:\/\/www.facebook.com\/VitaopticaRoses\" \/>\n<meta property=\"article:modified_time\" content=\"2020-10-26T14:40:30+00:00\" \/>\n<meta name=\"twitter:card\" content=\"summary_large_image\" \/>\n<meta name=\"twitter:site\" content=\"@VistaOpt_Roses\" \/>\n<meta name=\"twitter:label1\" content=\"Tiempo de lectura\" \/>\n\t<meta name=\"twitter:data1\" content=\"11 minutos\" \/>\n<script type=\"application\/ld+json\" class=\"yoast-schema-graph\">{\"@context\":\"https:\/\/schema.org\",\"@graph\":[{\"@type\":\"WebPage\",\"@id\":\"https:\/\/vistaroses.es\/politica-de-cookies\/\",\"url\":\"https:\/\/vistaroses.es\/politica-de-cookies\/\",\"name\":\"Pol\u00edtica de cookies - vistaoptica\",\"isPartOf\":{\"@id\":\"https:\/\/vistaroses.es\/es\/#website\"},\"datePublished\":\"2020-10-26T14:08:37+00:00\",\"dateModified\":\"2020-10-26T14:40:30+00:00\",\"breadcrumb\":{\"@id\":\"https:\/\/vistaroses.es\/politica-de-cookies\/#breadcrumb\"},\"inLanguage\":\"es\",\"potentialAction\":[{\"@type\":\"ReadAction\",\"target\":[\"https:\/\/vistaroses.es\/politica-de-cookies\/\"]}]},{\"@type\":\"BreadcrumbList\",\"@id\":\"https:\/\/vistaroses.es\/politica-de-cookies\/#breadcrumb\",\"itemListElement\":[{\"@type\":\"ListItem\",\"position\":1,\"name\":\"Home\",\"item\":\"https:\/\/vistaroses.es\/es\/\"},{\"@type\":\"ListItem\",\"position\":2,\"name\":\"Pol\u00edtica de cookies\"}]},{\"@type\":\"WebSite\",\"@id\":\"https:\/\/vistaroses.es\/es\/#website\",\"url\":\"https:\/\/vistaroses.es\/es\/\",\"name\":\"vistaoptica\",\"description\":\"Tienda de vistaoptica a Roses Girona\",\"potentialAction\":[{\"@type\":\"SearchAction\",\"target\":{\"@type\":\"EntryPoint\",\"urlTemplate\":\"https:\/\/vistaroses.es\/es\/?s={search_term_string}\"},\"query-input\":\"required name=search_term_string\"}],\"inLanguage\":\"es\"}]}<\/script>\n<!-- \/ Yoast SEO plugin. -->","yoast_head_json":{"title":"Pol\u00edtica de cookies - vistaoptica","robots":{"index":"index","follow":"follow","max-snippet":"max-snippet:-1","max-image-preview":"max-image-preview:large","max-video-preview":"max-video-preview:-1"},"canonical":"https:\/\/vistaroses.es\/politica-de-cookies\/","og_locale":"es_ES","og_type":"article","og_title":"Pol\u00edtica de cookies - vistaoptica","og_description":"POLITICA DE COOKIES En cumplimiento de la Ley 34\/2002 de Servicios de la Informaci\u00f3n y del Comercio Electr\u00f3nico (LSSICE), se informa de los siguientes aspectos legales de la web: web: http:\/\/vistaroses.es\/ titular: OPTICA Ginjolers, SL (En adelante VISTA OPTICA ROSES) domicilio: CALLE DE LA RIERA Ginjolers, 83 &#8211; BJ DR, 17480 ROSES (Gerona) CIF: B55214555&hellip;","og_url":"https:\/\/vistaroses.es\/politica-de-cookies\/","og_site_name":"vistaoptica","article_publisher":"https:\/\/www.facebook.com\/VitaopticaRoses","article_modified_time":"2020-10-26T14:40:30+00:00","twitter_card":"summary_large_image","twitter_site":"@VistaOpt_Roses","twitter_misc":{"Tiempo de lectura":"11 minutos"},"schema":{"@context":"https:\/\/schema.org","@graph":[{"@type":"WebPage","@id":"https:\/\/vistaroses.es\/politica-de-cookies\/","url":"https:\/\/vistaroses.es\/politica-de-cookies\/","name":"Pol\u00edtica de cookies - vistaoptica","isPartOf":{"@id":"https:\/\/vistaroses.es\/es\/#website"},"datePublished":"2020-10-26T14:08:37+00:00","dateModified":"2020-10-26T14:40:30+00:00","breadcrumb":{"@id":"https:\/\/vistaroses.es\/politica-de-cookies\/#breadcrumb"},"inLanguage":"es","potentialAction":[{"@type":"ReadAction","target":["https:\/\/vistaroses.es\/politica-de-cookies\/"]}]},{"@type":"BreadcrumbList","@id":"https:\/\/vistaroses.es\/politica-de-cookies\/#breadcrumb","itemListElement":[{"@type":"ListItem","position":1,"name":"Home","item":"https:\/\/vistaroses.es\/es\/"},{"@type":"ListItem","position":2,"name":"Pol\u00edtica de cookies"}]},{"@type":"WebSite","@id":"https:\/\/vistaroses.es\/es\/#website","url":"https:\/\/vistaroses.es\/es\/","name":"vistaoptica","description":"Tienda de vistaoptica a Roses Girona","potentialAction":[{"@type":"SearchAction","target":{"@type":"EntryPoint","urlTemplate":"https:\/\/vistaroses.es\/es\/?s={search_term_string}"},"query-input":"required name=search_term_string"}],"inLanguage":"es"}]}},"_links":{"self":[{"href":"https:\/\/vistaroses.es\/es\/wp-json\/wp\/v2\/pages\/672"}],"collection":[{"href":"https:\/\/vistaroses.es\/es\/wp-json\/wp\/v2\/pages"}],"about":[{"href":"https:\/\/vistaroses.es\/es\/wp-json\/wp\/v2\/types\/page"}],"author":[{"embeddable":true,"href":"https:\/\/vistaroses.es\/es\/wp-json\/wp\/v2\/users\/1"}],"replies":[{"embeddable":true,"href":"https:\/\/vistaroses.es\/es\/wp-json\/wp\/v2\/comments?post=672"}],"version-history":[{"count":8,"href":"https:\/\/vistaroses.es\/es\/wp-json\/wp\/v2\/pages\/672\/revisions"}],"predecessor-version":[{"id":693,"href":"https:\/\/vistaroses.es\/es\/wp-json\/wp\/v2\/pages\/672\/revisions\/693"}],"wp:attachment":[{"href":"https:\/\/vistaroses.es\/es\/wp-json\/wp\/v2\/media?parent=672"}],"curies":[{"name":"wp","href":"https:\/\/api.w.org\/{rel}","templated":true}]}}