{"id":170,"date":"2017-09-26T15:35:56","date_gmt":"2017-09-26T15:35:56","guid":{"rendered":"http:\/\/vistaroses.es\/?page_id=170"},"modified":"2017-10-11T15:57:58","modified_gmt":"2017-10-11T15:57:58","slug":"filtres-terapeutics","status":"publish","type":"page","link":"https:\/\/vistaroses.es\/es\/serveis\/filtres-terapeutics\/","title":{"rendered":"Filtres Terap\u00e8utics"},"content":{"rendered":"<div class=\"wpb-content-wrapper\"><p>[vc_row type=\u00bbvc_default\u00bb css=\u00bb.vc_custom_1474212455358{margin-bottom: -50px !important;}\u00bb][vc_column offset=\u00bbvc_col-lg-8 vc_col-md-8 vc_col-xs-12&#8243; css=\u00bb.vc_custom_1474210659519{margin-bottom: 50px !important;padding-right: 25px !important;padding-left: 25px !important;}\u00bb][vc_single_image image=\u00bb128&#8243; img_size=\u00bb1000&#215;531&#8243; css=\u00bb.vc_custom_1507736138229{margin-bottom: 35px !important;}\u00bb]<div id=\"ultimate-heading-470669e1d6d5d0aa0\" class=\"uvc-heading ult-adjust-bottom-margin ultimate-heading-470669e1d6d5d0aa0 uvc-2417  uvc-heading-default-font-sizes\" data-hspacer=\"no_spacer\"  data-halign=\"left\" style=\"text-align:left\"><div class=\"uvc-heading-spacer no_spacer\" style=\"top\"><\/div><div class=\"uvc-main-heading ult-responsive\"  data-ultimate-target='.uvc-heading.ultimate-heading-470669e1d6d5d0aa0 h2'  data-responsive-json-new='{\"font-size\":\"\",\"line-height\":\"\"}' ><h2 style=\"font-weight:bold;margin-bottom:20px;\">Qu\u00e8 s\u00f3n els Filtres Terap\u00e8utics?<\/h2><\/div><\/div>[vc_column_text css=\u00bb.vc_custom_1507736935476{padding-bottom: 0px !important;}\u00bb]Les persones que pateixen baixa visi\u00f3 pateixen, en moltes ocasions, fotof\u00f2bia i una disminuci\u00f3 de sensibilitat al contrast aix\u00ed com de l&#8217;agudesa visual. Els filtres terap\u00e8utics milloren aquests problemes.<\/p>\n<p>Sovint, els pacients de baixa visi\u00f3 pateixen algun tipus de patologia retiniana que els fa percebre un exc\u00e9s de lluminositat. Aquesta circumst\u00e0ncia els ocasiona mol\u00e8sties i p\u00e8rdua de contrast, limitant la seva visi\u00f3 i, com a conseq\u00fc\u00e8ncia, les seves activitats quotidianes.[\/vc_column_text]<div id=\"ultimate-heading-347669e1d6d5d0ae3\" class=\"uvc-heading ult-adjust-bottom-margin ultimate-heading-347669e1d6d5d0ae3 uvc-6881 \" data-hspacer=\"no_spacer\"  data-halign=\"left\" style=\"text-align:left\"><div class=\"uvc-heading-spacer no_spacer\" style=\"top\"><\/div><div class=\"uvc-main-heading ult-responsive\"  data-ultimate-target='.uvc-heading.ultimate-heading-347669e1d6d5d0ae3 h2'  data-responsive-json-new='{\"font-size\":\"desktop:24px;\",\"line-height\":\"desktop:30px;\"}' ><h2 style=\"font-weight:bold;margin-top:0px;margin-bottom:30px;\">Avantatges<\/h2><\/div><\/div><div class=\"standard-arrow list-divider bullet-top\"><ul>\n<li>Absorbeixen l&#8217;exc\u00e9s de llum<\/li>\n<li>Protegeixen al m\u00e0xim de raigs UV<\/li>\n<li>Milloren el contrast i l&#8217;agudesa visual<\/li>\n<\/ul>\n<\/div><div id=\"ultimate-heading-118369e1d6d5d0b66\" class=\"uvc-heading ult-adjust-bottom-margin ultimate-heading-118369e1d6d5d0b66 uvc-862 \" data-hspacer=\"no_spacer\"  data-halign=\"left\" style=\"text-align:left\"><div class=\"uvc-heading-spacer no_spacer\" style=\"top\"><\/div><div class=\"uvc-main-heading ult-responsive\"  data-ultimate-target='.uvc-heading.ultimate-heading-118369e1d6d5d0b66 h2'  data-responsive-json-new='{\"font-size\":\"desktop:24px;\",\"line-height\":\"desktop:30px;\"}' ><h2 style=\"font-weight:bold;margin-top:0px;margin-bottom:30px;\">Tipus<\/h2><\/div><\/div>[vc_accordion active_tab=\u00bb1&#8243; style=\u00bb2&#8243;][vc_accordion_tab title=\u00bbFiltres marrons\u00bb][vc_column_text]Estan indicats, per exemple, en casos d&#8217;retinosi pigment\u00e0ria, retinopatia diab\u00e8tica i albinisme.[\/vc_column_text][\/vc_accordion_tab][vc_accordion_tab title=\u00bbFiltres ataronjats\u00bb][vc_column_text]Es recomanen per a pacients amb DMAE, glaucoma, atr\u00f2fia del nervi \u00f2ptic i cataractes, entre d&#8217;altres patologies.[\/vc_column_text][\/vc_accordion_tab][vc_accordion_tab title=\u00bbFiltres vermells\u00bb][vc_column_text]S\u00f3n una opci\u00f3 v\u00e0lida per a aquells que pateixen ambliopies, DMAE, atr\u00f2fia del nervi \u00f2ptic o retinosi pigment\u00e0ria.[\/vc_column_text][\/vc_accordion_tab][\/vc_accordion][\/vc_column][vc_column offset=\u00bbvc_col-lg-4 vc_col-md-4 vc_col-xs-12&#8243; css=\u00bb.vc_custom_1474210785130{margin-bottom: 50px !important;padding-right: 25px !important;padding-left: 25px !important;}\u00bb][vc_row_inner css=\u00bb.vc_custom_1474210891220{padding-right: 25px !important;padding-left: 25px !important;}\u00bb][vc_column_inner css=\u00bb.vc_custom_1474211073851{padding-top: 30px !important;padding-right: 30px !important;padding-bottom: 15px !important;padding-left: 30px !important;background-color: #f4f4f4 !important;}\u00bb]<div id=\"ultimate-heading-169969e1d6d5d0b91\" class=\"uvc-heading ult-adjust-bottom-margin ultimate-heading-169969e1d6d5d0b91 uvc-8631  uvc-heading-default-font-sizes\" data-hspacer=\"no_spacer\"  data-halign=\"left\" style=\"text-align:left\"><div class=\"uvc-heading-spacer no_spacer\" style=\"top\"><\/div><div class=\"uvc-main-heading ult-responsive\"  data-ultimate-target='.uvc-heading.ultimate-heading-169969e1d6d5d0b91 h3'  data-responsive-json-new='{\"font-size\":\"\",\"line-height\":\"\"}' ><h3 style=\"font-weight:bold;margin-bottom:20px;\">Els nostres serveis<\/h3><\/div><\/div>[vc_widget_sidebar show_bg=\u00bbfalse\u00bb sidebar_id=\u00bbsidebar_4&#8243;][\/vc_column_inner][vc_column_inner css=\u00bb.vc_custom_1474210997759{margin-top: 30px !important;padding-top: 30px !important;padding-right: 30px !important;padding-bottom: 20px !important;padding-left: 30px !important;background-color: #f4f4f4 !important;}\u00bb]<div id=\"ultimate-heading-432469e1d6d5d0bb6\" class=\"uvc-heading ult-adjust-bottom-margin ultimate-heading-432469e1d6d5d0bb6 uvc-1671  uvc-heading-default-font-sizes\" data-hspacer=\"no_spacer\"  data-halign=\"left\" style=\"text-align:left\"><div class=\"uvc-heading-spacer no_spacer\" style=\"top\"><\/div><div class=\"uvc-main-heading ult-responsive\"  data-ultimate-target='.uvc-heading.ultimate-heading-432469e1d6d5d0bb6 h3'  data-responsive-json-new='{\"font-size\":\"\",\"line-height\":\"\"}' ><h3 style=\"font-weight:bold;margin-bottom:20px;\">Demana cita<\/h3><\/div><\/div>\n<div class=\"wpcf7 no-js\" id=\"wpcf7-f5-o1\" lang=\"en-US\" dir=\"ltr\">\n<div class=\"screen-reader-response\"><p role=\"status\" aria-live=\"polite\" aria-atomic=\"true\"><\/p> <ul><\/ul><\/div>\n<form action=\"\/es\/wp-json\/wp\/v2\/pages\/170#wpcf7-f5-o1\" method=\"post\" class=\"wpcf7-form init\" aria-label=\"Contact form\" novalidate=\"novalidate\" data-status=\"init\">\n<div style=\"display: none;\">\n<input type=\"hidden\" name=\"_wpcf7\" value=\"5\" \/>\n<input type=\"hidden\" name=\"_wpcf7_version\" value=\"5.8.7\" \/>\n<input type=\"hidden\" name=\"_wpcf7_locale\" value=\"en_US\" \/>\n<input type=\"hidden\" name=\"_wpcf7_unit_tag\" value=\"wpcf7-f5-o1\" \/>\n<input type=\"hidden\" name=\"_wpcf7_container_post\" value=\"0\" \/>\n<input type=\"hidden\" name=\"_wpcf7_posted_data_hash\" value=\"\" \/>\n<\/div>\n<p><label><span class=\"wpcf7-form-control-wrap\" data-name=\"name_surnames\"><input size=\"40\" class=\"wpcf7-form-control wpcf7-text wpcf7-validates-as-required\" aria-required=\"true\" aria-invalid=\"false\" placeholder=\"Nom y cognoms (obligatori)\" value=\"\" type=\"text\" name=\"name_surnames\" \/><\/span><\/label>\n<\/p>\n<p><label><span class=\"wpcf7-form-control-wrap\" data-name=\"email\"><input size=\"40\" class=\"wpcf7-form-control wpcf7-email wpcf7-validates-as-required wpcf7-text wpcf7-validates-as-email\" aria-required=\"true\" aria-invalid=\"false\" placeholder=\"Correu electr\u00f2nic (obligatori)\" value=\"\" type=\"email\" name=\"email\" \/><\/span><\/label>\n<\/p>\n<p><label><span class=\"wpcf7-form-control-wrap\" data-name=\"phone\"><input size=\"40\" class=\"wpcf7-form-control wpcf7-tel wpcf7-text wpcf7-validates-as-tel\" aria-invalid=\"false\" placeholder=\"Tel\u00e8fon\" value=\"\" type=\"tel\" name=\"phone\" \/><\/span><\/label>\n<\/p>\n<p><label><span class=\"wpcf7-form-control-wrap\" data-name=\"comment\"><textarea cols=\"40\" rows=\"5\" class=\"wpcf7-form-control wpcf7-textarea\" aria-invalid=\"false\" placeholder=\"Escriu el teu missatge...\" name=\"comment\"><\/textarea><\/span><\/label>\n<\/p>\n<p><input class=\"wpcf7-form-control wpcf7-submit has-spinner\" type=\"submit\" value=\"Enviar missatge\" \/>\n<\/p><div class=\"wpcf7-response-output\" aria-hidden=\"true\"><\/div>\n<\/form>\n<\/div>\n[\/vc_column_inner][\/vc_row_inner][\/vc_column][\/vc_row]<\/p>\n<\/div>","protected":false},"excerpt":{"rendered":"<p>[vc_row type=\u00bbvc_default\u00bb css=\u00bb.vc_custom_1474212455358{margin-bottom: -50px !important;}\u00bb][vc_column offset=\u00bbvc_col-lg-8 vc_col-md-8 vc_col-xs-12&#8243; css=\u00bb.vc_custom_1474210659519{margin-bottom: 50px !important;padding-right: 25px !important;padding-left: 25px !important;}\u00bb][vc_single_image image=\u00bb128&#8243; img_size=\u00bb1000&#215;531&#8243; css=\u00bb.vc_custom_1507736138229{margin-bottom: 35px !important;}\u00bb][vc_column_text css=\u00bb.vc_custom_1507736935476{padding-bottom: 0px !important;}\u00bb]Les persones que pateixen baixa visi\u00f3 pateixen, en moltes ocasions, fotof\u00f2bia i una disminuci\u00f3 de sensibilitat al contrast aix\u00ed com de l&#8217;agudesa visual. Els filtres terap\u00e8utics milloren aquests problemes. Sovint, els pacients de&hellip;<\/p>\n","protected":false},"author":1,"featured_media":0,"parent":157,"menu_order":0,"comment_status":"closed","ping_status":"closed","template":"","meta":[],"yoast_head":"<!-- This site is optimized with the Yoast SEO plugin v21.8.1 - https:\/\/yoast.com\/wordpress\/plugins\/seo\/ -->\n<title>Filtres Terap\u00e8utics - vistaoptica<\/title>\n<meta name=\"robots\" content=\"index, follow, max-snippet:-1, max-image-preview:large, max-video-preview:-1\" \/>\n<link rel=\"canonical\" href=\"https:\/\/vistaroses.es\/serveis\/filtres-terapeutics\/\" \/>\n<meta property=\"og:locale\" content=\"es_ES\" \/>\n<meta property=\"og:type\" content=\"article\" \/>\n<meta property=\"og:title\" content=\"Filtres Terap\u00e8utics - vistaoptica\" \/>\n<meta property=\"og:description\" content=\"[vc_row type=\u00bbvc_default\u00bb css=\u00bb.vc_custom_1474212455358{margin-bottom: -50px !important;}\u00bb][vc_column offset=\u00bbvc_col-lg-8 vc_col-md-8 vc_col-xs-12&#8243; css=\u00bb.vc_custom_1474210659519{margin-bottom: 50px !important;padding-right: 25px !important;padding-left: 25px !important;}\u00bb][vc_single_image image=\u00bb128&#8243; img_size=\u00bb1000&#215;531&#8243; css=\u00bb.vc_custom_1507736138229{margin-bottom: 35px !important;}\u00bb][vc_column_text css=\u00bb.vc_custom_1507736935476{padding-bottom: 0px !important;}\u00bb]Les persones que pateixen baixa visi\u00f3 pateixen, en moltes ocasions, fotof\u00f2bia i una disminuci\u00f3 de sensibilitat al contrast aix\u00ed com de l&#8217;agudesa visual. Els filtres terap\u00e8utics milloren aquests problemes. Sovint, els pacients de&hellip;\" \/>\n<meta property=\"og:url\" content=\"https:\/\/vistaroses.es\/serveis\/filtres-terapeutics\/\" \/>\n<meta property=\"og:site_name\" content=\"vistaoptica\" \/>\n<meta property=\"article:publisher\" content=\"https:\/\/www.facebook.com\/VitaopticaRoses\" \/>\n<meta property=\"article:modified_time\" content=\"2017-10-11T15:57:58+00:00\" \/>\n<meta name=\"twitter:card\" content=\"summary_large_image\" \/>\n<meta name=\"twitter:site\" content=\"@VistaOpt_Roses\" \/>\n<meta name=\"twitter:label1\" content=\"Tiempo de lectura\" \/>\n\t<meta name=\"twitter:data1\" content=\"3 minutos\" \/>\n<script type=\"application\/ld+json\" class=\"yoast-schema-graph\">{\"@context\":\"https:\/\/schema.org\",\"@graph\":[{\"@type\":\"WebPage\",\"@id\":\"https:\/\/vistaroses.es\/serveis\/filtres-terapeutics\/\",\"url\":\"https:\/\/vistaroses.es\/serveis\/filtres-terapeutics\/\",\"name\":\"Filtres Terap\u00e8utics - vistaoptica\",\"isPartOf\":{\"@id\":\"https:\/\/vistaroses.es\/es\/#website\"},\"datePublished\":\"2017-09-26T15:35:56+00:00\",\"dateModified\":\"2017-10-11T15:57:58+00:00\",\"breadcrumb\":{\"@id\":\"https:\/\/vistaroses.es\/serveis\/filtres-terapeutics\/#breadcrumb\"},\"inLanguage\":\"es\",\"potentialAction\":[{\"@type\":\"ReadAction\",\"target\":[\"https:\/\/vistaroses.es\/serveis\/filtres-terapeutics\/\"]}]},{\"@type\":\"BreadcrumbList\",\"@id\":\"https:\/\/vistaroses.es\/serveis\/filtres-terapeutics\/#breadcrumb\",\"itemListElement\":[{\"@type\":\"ListItem\",\"position\":1,\"name\":\"Home\",\"item\":\"https:\/\/vistaroses.es\/es\/\"},{\"@type\":\"ListItem\",\"position\":2,\"name\":\"Serveis\",\"item\":\"https:\/\/vistaroses.es\/serveis\/\"},{\"@type\":\"ListItem\",\"position\":3,\"name\":\"Filtres Terap\u00e8utics\"}]},{\"@type\":\"WebSite\",\"@id\":\"https:\/\/vistaroses.es\/es\/#website\",\"url\":\"https:\/\/vistaroses.es\/es\/\",\"name\":\"vistaoptica\",\"description\":\"Tienda de vistaoptica a Roses Girona\",\"potentialAction\":[{\"@type\":\"SearchAction\",\"target\":{\"@type\":\"EntryPoint\",\"urlTemplate\":\"https:\/\/vistaroses.es\/es\/?s={search_term_string}\"},\"query-input\":\"required name=search_term_string\"}],\"inLanguage\":\"es\"}]}<\/script>\n<!-- \/ Yoast SEO plugin. -->","yoast_head_json":{"title":"Filtres Terap\u00e8utics - vistaoptica","robots":{"index":"index","follow":"follow","max-snippet":"max-snippet:-1","max-image-preview":"max-image-preview:large","max-video-preview":"max-video-preview:-1"},"canonical":"https:\/\/vistaroses.es\/serveis\/filtres-terapeutics\/","og_locale":"es_ES","og_type":"article","og_title":"Filtres Terap\u00e8utics - vistaoptica","og_description":"[vc_row type=\u00bbvc_default\u00bb css=\u00bb.vc_custom_1474212455358{margin-bottom: -50px !important;}\u00bb][vc_column offset=\u00bbvc_col-lg-8 vc_col-md-8 vc_col-xs-12&#8243; css=\u00bb.vc_custom_1474210659519{margin-bottom: 50px !important;padding-right: 25px !important;padding-left: 25px !important;}\u00bb][vc_single_image image=\u00bb128&#8243; img_size=\u00bb1000&#215;531&#8243; css=\u00bb.vc_custom_1507736138229{margin-bottom: 35px !important;}\u00bb][vc_column_text css=\u00bb.vc_custom_1507736935476{padding-bottom: 0px !important;}\u00bb]Les persones que pateixen baixa visi\u00f3 pateixen, en moltes ocasions, fotof\u00f2bia i una disminuci\u00f3 de sensibilitat al contrast aix\u00ed com de l&#8217;agudesa visual. Els filtres terap\u00e8utics milloren aquests problemes. Sovint, els pacients de&hellip;","og_url":"https:\/\/vistaroses.es\/serveis\/filtres-terapeutics\/","og_site_name":"vistaoptica","article_publisher":"https:\/\/www.facebook.com\/VitaopticaRoses","article_modified_time":"2017-10-11T15:57:58+00:00","twitter_card":"summary_large_image","twitter_site":"@VistaOpt_Roses","twitter_misc":{"Tiempo de lectura":"3 minutos"},"schema":{"@context":"https:\/\/schema.org","@graph":[{"@type":"WebPage","@id":"https:\/\/vistaroses.es\/serveis\/filtres-terapeutics\/","url":"https:\/\/vistaroses.es\/serveis\/filtres-terapeutics\/","name":"Filtres Terap\u00e8utics - vistaoptica","isPartOf":{"@id":"https:\/\/vistaroses.es\/es\/#website"},"datePublished":"2017-09-26T15:35:56+00:00","dateModified":"2017-10-11T15:57:58+00:00","breadcrumb":{"@id":"https:\/\/vistaroses.es\/serveis\/filtres-terapeutics\/#breadcrumb"},"inLanguage":"es","potentialAction":[{"@type":"ReadAction","target":["https:\/\/vistaroses.es\/serveis\/filtres-terapeutics\/"]}]},{"@type":"BreadcrumbList","@id":"https:\/\/vistaroses.es\/serveis\/filtres-terapeutics\/#breadcrumb","itemListElement":[{"@type":"ListItem","position":1,"name":"Home","item":"https:\/\/vistaroses.es\/es\/"},{"@type":"ListItem","position":2,"name":"Serveis","item":"https:\/\/vistaroses.es\/serveis\/"},{"@type":"ListItem","position":3,"name":"Filtres Terap\u00e8utics"}]},{"@type":"WebSite","@id":"https:\/\/vistaroses.es\/es\/#website","url":"https:\/\/vistaroses.es\/es\/","name":"vistaoptica","description":"Tienda de vistaoptica a Roses Girona","potentialAction":[{"@type":"SearchAction","target":{"@type":"EntryPoint","urlTemplate":"https:\/\/vistaroses.es\/es\/?s={search_term_string}"},"query-input":"required name=search_term_string"}],"inLanguage":"es"}]}},"_links":{"self":[{"href":"https:\/\/vistaroses.es\/es\/wp-json\/wp\/v2\/pages\/170"}],"collection":[{"href":"https:\/\/vistaroses.es\/es\/wp-json\/wp\/v2\/pages"}],"about":[{"href":"https:\/\/vistaroses.es\/es\/wp-json\/wp\/v2\/types\/page"}],"author":[{"embeddable":true,"href":"https:\/\/vistaroses.es\/es\/wp-json\/wp\/v2\/users\/1"}],"replies":[{"embeddable":true,"href":"https:\/\/vistaroses.es\/es\/wp-json\/wp\/v2\/comments?post=170"}],"version-history":[{"count":6,"href":"https:\/\/vistaroses.es\/es\/wp-json\/wp\/v2\/pages\/170\/revisions"}],"predecessor-version":[{"id":238,"href":"https:\/\/vistaroses.es\/es\/wp-json\/wp\/v2\/pages\/170\/revisions\/238"}],"up":[{"embeddable":true,"href":"https:\/\/vistaroses.es\/es\/wp-json\/wp\/v2\/pages\/157"}],"wp:attachment":[{"href":"https:\/\/vistaroses.es\/es\/wp-json\/wp\/v2\/media?parent=170"}],"curies":[{"name":"wp","href":"https:\/\/api.w.org\/{rel}","templated":true}]}}