{"id":168,"date":"2017-09-26T15:34:47","date_gmt":"2017-09-26T15:34:47","guid":{"rendered":"http:\/\/vistaroses.es\/?page_id=168"},"modified":"2018-01-28T18:50:13","modified_gmt":"2018-01-28T18:50:13","slug":"assessoria-dimatge","status":"publish","type":"page","link":"https:\/\/vistaroses.es\/es\/serveis\/assessoria-dimatge\/","title":{"rendered":"Asesor\u00eda de imagen"},"content":{"rendered":"<div class=\"wpb-content-wrapper\"><p>[vc_row type=\u00bbvc_default\u00bb css=\u00bb.vc_custom_1474212455358{margin-bottom: -50px !important;}\u00bb][vc_column offset=\u00bbvc_col-lg-8 vc_col-md-8 vc_col-xs-12&#8243; css=\u00bb.vc_custom_1474210659519{margin-bottom: 50px !important;padding-right: 25px !important;padding-left: 25px !important;}\u00bb][vc_single_image image=\u00bb123&#8243; img_size=\u00bb1000&#215;531&#8243; css=\u00bb.vc_custom_1506700083545{margin-bottom: 35px !important;}\u00bb][vc_column_text]Les ulleres s\u00f3n un dels complements que m\u00e9s for\u00e7a han agafat en els \u00faltims anys a la moda. Han passat a ser un dels accessoris imprescindibles per donar el toc final a qualsevol dels nostres estilismes i, a m\u00e9s, ens ajuden a potenciar la nostra imatge personal.[\/vc_column_text]<div id=\"ultimate-heading-650669e1d6d52a77f\" class=\"uvc-heading ult-adjust-bottom-margin ultimate-heading-650669e1d6d52a77f uvc-5579  uvc-heading-default-font-sizes\" data-hspacer=\"no_spacer\"  data-halign=\"left\" style=\"text-align:left\"><div class=\"uvc-heading-spacer no_spacer\" style=\"top\"><\/div><div class=\"uvc-main-heading ult-responsive\"  data-ultimate-target='.uvc-heading.ultimate-heading-650669e1d6d52a77f h2'  data-responsive-json-new='{\"font-size\":\"\",\"line-height\":\"\"}' ><h2 style=\"font-weight:bold;margin-bottom:20px;\">Assessorament per escollir les teves ulleres<\/h2><\/div><\/div>[vc_accordion active_tab=\u00bb1&#8243; style=\u00bb2&#8243;][vc_accordion_tab title=\u00bb\u00c9s molt important saber quin \u00e9s el teu estil\u00bb][vc_column_text css=\u00bb.vc_custom_1506700338461{padding-top: 10px !important;padding-bottom: 10px !important;background-color: #ffffff !important;}\u00bb]\u00c9s b\u00e0sic identificar si tendeixes cap a un estil m\u00e9s cl\u00e0ssic, actual, avantguardista o si t&#8217;agraden els aires vintage. En funci\u00f3 d&#8217;aix\u00f2, podr\u00e0s triar una muntura a l&#8217;aire m\u00e9s senzilla, de pasta gran i extremada, de pasta fina i arrodonida, en forma rectangular o fins i tot m\u00e9s sofisticada en forma de gat al m\u00e9s pur estil anys 50.[\/vc_column_text][\/vc_accordion_tab][vc_accordion_tab title=\u00bbLa imatge que vols projectar\u00bb][vc_column_text css=\u00bb.vc_custom_1506700364794{padding-top: 10px !important;padding-bottom: 10px !important;background-color: #ffffff !important;}\u00bb]En funci\u00f3 d&#8217;aix\u00f2 has de tenir dues coses en compte, la forma de la muntura i el color. Les muntures de pasta, rectangulars i molt marcades sempre et aportaran duresa als teus faccions. En canvi, les que siguin arrodonides o colors carei o marrons les suavitzessin.[\/vc_column_text][\/vc_accordion_tab][vc_accordion_tab title=\u00bbSegons la forma del teu rostre haur\u00e0s de triar una muntura o una altra.\u00bb]<div class=\"standard-arrow list-divider bullet-top\"><ul>\n<li>\n<h6>Si tens la cara quadrada<\/h6>\n<\/li>\n<\/ul>\n<\/div>[vc_column_text css=\u00bb.vc_custom_1506700427641{padding-top: 10px !important;padding-bottom: 10px !important;background-color: #ffffff !important;}\u00bb]\u00c9s recomenable que escullis muntures lleugerament m\u00e9s arrodonides i millor amb patilles fines per evitar estructurar massa el teu rostre. S\u00f3n molt afavoridores les muntures a l&#8217;aire per suavitzar les teves faccions i has d&#8217;evitar les rectangulars.[\/vc_column_text]<div class=\"standard-arrow list-divider bullet-top\"><ul>\n<li>\n<h6>Si tens la cara rodona<\/h6>\n<\/li>\n<\/ul>\n<\/div>[vc_column_text css=\u00bb.vc_custom_1506700549807{padding-top: 10px !important;padding-bottom: 10px !important;background-color: #ffffff !important;}\u00bb]Hauries evitar les muntures massa arrodonides. Per contra, et quedaran molt b\u00e9 les rectangulars o en forma de gat.[\/vc_column_text]<div class=\"standard-arrow list-divider bullet-top\"><ul>\n<li>\n<h6>Si tens la cara triangular<\/h6>\n<\/li>\n<\/ul>\n<\/div>[vc_column_text css=\u00bb.vc_custom_1506700602517{padding-top: 10px !important;padding-bottom: 10px !important;background-color: #ffffff !important;}\u00bb]Opta per muntures arrodonides o ovalades o fins i tot quadrades.[\/vc_column_text]<div class=\"standard-arrow list-divider bullet-top\"><ul>\n<li>\n<h6>Si tens la cara ovalada<\/h6>\n<\/li>\n<\/ul>\n<\/div>[vc_column_text css=\u00bb.vc_custom_1506700641883{padding-top: 10px !important;padding-bottom: 10px !important;background-color: #ffffff !important;}\u00bb]Pots triar la muntura que m\u00e9s t&#8217;agradi, ja que aquest tipus de rostre permet utilitzar qualsevol tipus de muntura.[\/vc_column_text][\/vc_accordion_tab][vc_accordion_tab title=\u00bbEl color\u00bb][vc_column_text css=\u00bb.vc_custom_1506700677259{padding-top: 10px !important;padding-bottom: 10px !important;background-color: #ffffff !important;}\u00bb]Tria el color en funci\u00f3 del que vulguis transmetre: opta per colors m\u00e9s vius per aportar dinamisme o colors m\u00e9s foscos per aportar serietat o b\u00e9 en tons c\u00e0lids per suavitzar les teves faccions i aportar proximitat.[\/vc_column_text][\/vc_accordion_tab][\/vc_accordion][\/vc_column][vc_column offset=\u00bbvc_col-lg-4 vc_col-md-4 vc_col-xs-12&#8243; css=\u00bb.vc_custom_1474210785130{margin-bottom: 50px !important;padding-right: 25px !important;padding-left: 25px !important;}\u00bb][vc_row_inner css=\u00bb.vc_custom_1474210891220{padding-right: 25px !important;padding-left: 25px !important;}\u00bb][vc_column_inner css=\u00bb.vc_custom_1474211073851{padding-top: 30px !important;padding-right: 30px !important;padding-bottom: 15px !important;padding-left: 30px !important;background-color: #f4f4f4 !important;}\u00bb]<div id=\"ultimate-heading-29369e1d6d52a881\" class=\"uvc-heading ult-adjust-bottom-margin ultimate-heading-29369e1d6d52a881 uvc-6928  uvc-heading-default-font-sizes\" data-hspacer=\"no_spacer\"  data-halign=\"left\" style=\"text-align:left\"><div class=\"uvc-heading-spacer no_spacer\" style=\"top\"><\/div><div class=\"uvc-main-heading ult-responsive\"  data-ultimate-target='.uvc-heading.ultimate-heading-29369e1d6d52a881 h3'  data-responsive-json-new='{\"font-size\":\"\",\"line-height\":\"\"}' ><h3 style=\"font-weight:bold;margin-bottom:20px;\">Els nostres serveis<\/h3><\/div><\/div>[vc_widget_sidebar show_bg=\u00bbfalse\u00bb sidebar_id=\u00bbsidebar_4&#8243;][\/vc_column_inner][vc_column_inner css=\u00bb.vc_custom_1474210997759{margin-top: 30px !important;padding-top: 30px !important;padding-right: 30px !important;padding-bottom: 20px !important;padding-left: 30px !important;background-color: #f4f4f4 !important;}\u00bb]<div id=\"ultimate-heading-24269e1d6d52a8ad\" class=\"uvc-heading ult-adjust-bottom-margin ultimate-heading-24269e1d6d52a8ad uvc-8951  uvc-heading-default-font-sizes\" data-hspacer=\"no_spacer\"  data-halign=\"left\" style=\"text-align:left\"><div class=\"uvc-heading-spacer no_spacer\" style=\"top\"><\/div><div class=\"uvc-main-heading ult-responsive\"  data-ultimate-target='.uvc-heading.ultimate-heading-24269e1d6d52a8ad h3'  data-responsive-json-new='{\"font-size\":\"\",\"line-height\":\"\"}' ><h3 style=\"font-weight:bold;margin-bottom:20px;\">Demana cita<\/h3><\/div><\/div>\n<div class=\"wpcf7 no-js\" id=\"wpcf7-f5-o1\" lang=\"en-US\" dir=\"ltr\">\n<div class=\"screen-reader-response\"><p role=\"status\" aria-live=\"polite\" aria-atomic=\"true\"><\/p> <ul><\/ul><\/div>\n<form action=\"\/es\/wp-json\/wp\/v2\/pages\/168#wpcf7-f5-o1\" method=\"post\" class=\"wpcf7-form init\" aria-label=\"Contact form\" novalidate=\"novalidate\" data-status=\"init\">\n<div style=\"display: none;\">\n<input type=\"hidden\" name=\"_wpcf7\" value=\"5\" \/>\n<input type=\"hidden\" name=\"_wpcf7_version\" value=\"5.8.7\" \/>\n<input type=\"hidden\" name=\"_wpcf7_locale\" value=\"en_US\" \/>\n<input type=\"hidden\" name=\"_wpcf7_unit_tag\" value=\"wpcf7-f5-o1\" \/>\n<input type=\"hidden\" name=\"_wpcf7_container_post\" value=\"0\" \/>\n<input type=\"hidden\" name=\"_wpcf7_posted_data_hash\" value=\"\" \/>\n<\/div>\n<p><label><span class=\"wpcf7-form-control-wrap\" data-name=\"name_surnames\"><input size=\"40\" class=\"wpcf7-form-control wpcf7-text wpcf7-validates-as-required\" aria-required=\"true\" aria-invalid=\"false\" placeholder=\"Nom y cognoms (obligatori)\" value=\"\" type=\"text\" name=\"name_surnames\" \/><\/span><\/label>\n<\/p>\n<p><label><span class=\"wpcf7-form-control-wrap\" data-name=\"email\"><input size=\"40\" class=\"wpcf7-form-control wpcf7-email wpcf7-validates-as-required wpcf7-text wpcf7-validates-as-email\" aria-required=\"true\" aria-invalid=\"false\" placeholder=\"Correu electr\u00f2nic (obligatori)\" value=\"\" type=\"email\" name=\"email\" \/><\/span><\/label>\n<\/p>\n<p><label><span class=\"wpcf7-form-control-wrap\" data-name=\"phone\"><input size=\"40\" class=\"wpcf7-form-control wpcf7-tel wpcf7-text wpcf7-validates-as-tel\" aria-invalid=\"false\" placeholder=\"Tel\u00e8fon\" value=\"\" type=\"tel\" name=\"phone\" \/><\/span><\/label>\n<\/p>\n<p><label><span class=\"wpcf7-form-control-wrap\" data-name=\"comment\"><textarea cols=\"40\" rows=\"5\" class=\"wpcf7-form-control wpcf7-textarea\" aria-invalid=\"false\" placeholder=\"Escriu el teu missatge...\" name=\"comment\"><\/textarea><\/span><\/label>\n<\/p>\n<p><input class=\"wpcf7-form-control wpcf7-submit has-spinner\" type=\"submit\" value=\"Enviar missatge\" \/>\n<\/p><div class=\"wpcf7-response-output\" aria-hidden=\"true\"><\/div>\n<\/form>\n<\/div>\n[\/vc_column_inner][\/vc_row_inner][\/vc_column][\/vc_row]<\/p>\n<\/div>","protected":false},"excerpt":{"rendered":"<p>[vc_row type=\u00bbvc_default\u00bb css=\u00bb.vc_custom_1474212455358{margin-bottom: -50px !important;}\u00bb][vc_column offset=\u00bbvc_col-lg-8 vc_col-md-8 vc_col-xs-12&#8243; css=\u00bb.vc_custom_1474210659519{margin-bottom: 50px !important;padding-right: 25px !important;padding-left: 25px !important;}\u00bb][vc_single_image image=\u00bb123&#8243; img_size=\u00bb1000&#215;531&#8243; css=\u00bb.vc_custom_1506700083545{margin-bottom: 35px !important;}\u00bb][vc_column_text]Les ulleres s\u00f3n un dels complements que m\u00e9s for\u00e7a han agafat en els \u00faltims anys a la moda. Han passat a ser un dels accessoris imprescindibles per donar el toc final a qualsevol dels nostres estilismes&hellip;<\/p>\n","protected":false},"author":1,"featured_media":0,"parent":157,"menu_order":0,"comment_status":"closed","ping_status":"closed","template":"","meta":[],"yoast_head":"<!-- This site is optimized with the Yoast SEO plugin v21.8.1 - https:\/\/yoast.com\/wordpress\/plugins\/seo\/ -->\n<title>Asesor\u00eda de imagen - vistaoptica<\/title>\n<meta name=\"robots\" content=\"index, follow, max-snippet:-1, max-image-preview:large, max-video-preview:-1\" \/>\n<link rel=\"canonical\" href=\"https:\/\/vistaroses.es\/serveis\/assessoria-dimatge\/\" \/>\n<meta property=\"og:locale\" content=\"es_ES\" \/>\n<meta property=\"og:type\" content=\"article\" \/>\n<meta property=\"og:title\" content=\"[:ca]Assessoria d&#039;Imatge[:es]Asesor\u00eda de imagen[:en]Assessoria d&#039;Imatge[:fr]Assessoria d&#039;Imatge[:de]Assessoria d&#039;Imatge[:] - vistaoptica\" \/>\n<meta property=\"og:description\" content=\"[vc_row type=\u00bbvc_default\u00bb css=\u00bb.vc_custom_1474212455358{margin-bottom: -50px !important;}\u00bb][vc_column offset=\u00bbvc_col-lg-8 vc_col-md-8 vc_col-xs-12&#8243; css=\u00bb.vc_custom_1474210659519{margin-bottom: 50px !important;padding-right: 25px !important;padding-left: 25px !important;}\u00bb][vc_single_image image=\u00bb123&#8243; img_size=\u00bb1000&#215;531&#8243; css=\u00bb.vc_custom_1506700083545{margin-bottom: 35px !important;}\u00bb][vc_column_text]Les ulleres s\u00f3n un dels complements que m\u00e9s for\u00e7a han agafat en els \u00faltims anys a la moda. Han passat a ser un dels accessoris imprescindibles per donar el toc final a qualsevol dels nostres estilismes&hellip;\" \/>\n<meta property=\"og:url\" content=\"https:\/\/vistaroses.es\/serveis\/assessoria-dimatge\/\" \/>\n<meta property=\"og:site_name\" content=\"vistaoptica\" \/>\n<meta property=\"article:publisher\" content=\"https:\/\/www.facebook.com\/VitaopticaRoses\" \/>\n<meta property=\"article:modified_time\" content=\"2018-01-28T18:50:13+00:00\" \/>\n<meta name=\"twitter:card\" content=\"summary_large_image\" \/>\n<meta name=\"twitter:site\" content=\"@VistaOpt_Roses\" \/>\n<meta name=\"twitter:label1\" content=\"Tiempo de lectura\" \/>\n\t<meta name=\"twitter:data1\" content=\"4 minutos\" \/>\n<script type=\"application\/ld+json\" class=\"yoast-schema-graph\">{\"@context\":\"https:\/\/schema.org\",\"@graph\":[{\"@type\":\"WebPage\",\"@id\":\"https:\/\/vistaroses.es\/serveis\/assessoria-dimatge\/\",\"url\":\"https:\/\/vistaroses.es\/serveis\/assessoria-dimatge\/\",\"name\":\"[:ca]Assessoria d'Imatge[:es]Asesor\u00eda de imagen[:en]Assessoria d'Imatge[:fr]Assessoria d'Imatge[:de]Assessoria d'Imatge[:] - vistaoptica\",\"isPartOf\":{\"@id\":\"https:\/\/vistaroses.es\/es\/#website\"},\"datePublished\":\"2017-09-26T15:34:47+00:00\",\"dateModified\":\"2018-01-28T18:50:13+00:00\",\"breadcrumb\":{\"@id\":\"https:\/\/vistaroses.es\/serveis\/assessoria-dimatge\/#breadcrumb\"},\"inLanguage\":\"es\",\"potentialAction\":[{\"@type\":\"ReadAction\",\"target\":[\"https:\/\/vistaroses.es\/serveis\/assessoria-dimatge\/\"]}]},{\"@type\":\"BreadcrumbList\",\"@id\":\"https:\/\/vistaroses.es\/serveis\/assessoria-dimatge\/#breadcrumb\",\"itemListElement\":[{\"@type\":\"ListItem\",\"position\":1,\"name\":\"Home\",\"item\":\"https:\/\/vistaroses.es\/es\/\"},{\"@type\":\"ListItem\",\"position\":2,\"name\":\"Serveis\",\"item\":\"https:\/\/vistaroses.es\/serveis\/\"},{\"@type\":\"ListItem\",\"position\":3,\"name\":\"Assessoria d&#8217;Imatge\"}]},{\"@type\":\"WebSite\",\"@id\":\"https:\/\/vistaroses.es\/es\/#website\",\"url\":\"https:\/\/vistaroses.es\/es\/\",\"name\":\"vistaoptica\",\"description\":\"Tienda de vistaoptica a Roses Girona\",\"potentialAction\":[{\"@type\":\"SearchAction\",\"target\":{\"@type\":\"EntryPoint\",\"urlTemplate\":\"https:\/\/vistaroses.es\/es\/?s={search_term_string}\"},\"query-input\":\"required name=search_term_string\"}],\"inLanguage\":\"es\"}]}<\/script>\n<!-- \/ Yoast SEO plugin. -->","yoast_head_json":{"title":"[:ca]Assessoria d'Imatge[:es]Asesor\u00eda de imagen[:en]Assessoria d'Imatge[:fr]Assessoria d'Imatge[:de]Assessoria d'Imatge[:] - vistaoptica","robots":{"index":"index","follow":"follow","max-snippet":"max-snippet:-1","max-image-preview":"max-image-preview:large","max-video-preview":"max-video-preview:-1"},"canonical":"https:\/\/vistaroses.es\/serveis\/assessoria-dimatge\/","og_locale":"es_ES","og_type":"article","og_title":"[:ca]Assessoria d'Imatge[:es]Asesor\u00eda de imagen[:en]Assessoria d'Imatge[:fr]Assessoria d'Imatge[:de]Assessoria d'Imatge[:] - vistaoptica","og_description":"[vc_row type=\u00bbvc_default\u00bb css=\u00bb.vc_custom_1474212455358{margin-bottom: -50px !important;}\u00bb][vc_column offset=\u00bbvc_col-lg-8 vc_col-md-8 vc_col-xs-12&#8243; css=\u00bb.vc_custom_1474210659519{margin-bottom: 50px !important;padding-right: 25px !important;padding-left: 25px !important;}\u00bb][vc_single_image image=\u00bb123&#8243; img_size=\u00bb1000&#215;531&#8243; css=\u00bb.vc_custom_1506700083545{margin-bottom: 35px !important;}\u00bb][vc_column_text]Les ulleres s\u00f3n un dels complements que m\u00e9s for\u00e7a han agafat en els \u00faltims anys a la moda. Han passat a ser un dels accessoris imprescindibles per donar el toc final a qualsevol dels nostres estilismes&hellip;","og_url":"https:\/\/vistaroses.es\/serveis\/assessoria-dimatge\/","og_site_name":"vistaoptica","article_publisher":"https:\/\/www.facebook.com\/VitaopticaRoses","article_modified_time":"2018-01-28T18:50:13+00:00","twitter_card":"summary_large_image","twitter_site":"@VistaOpt_Roses","twitter_misc":{"Tiempo de lectura":"4 minutos"},"schema":{"@context":"https:\/\/schema.org","@graph":[{"@type":"WebPage","@id":"https:\/\/vistaroses.es\/serveis\/assessoria-dimatge\/","url":"https:\/\/vistaroses.es\/serveis\/assessoria-dimatge\/","name":"[:ca]Assessoria d'Imatge[:es]Asesor\u00eda de imagen[:en]Assessoria d'Imatge[:fr]Assessoria d'Imatge[:de]Assessoria d'Imatge[:] - vistaoptica","isPartOf":{"@id":"https:\/\/vistaroses.es\/es\/#website"},"datePublished":"2017-09-26T15:34:47+00:00","dateModified":"2018-01-28T18:50:13+00:00","breadcrumb":{"@id":"https:\/\/vistaroses.es\/serveis\/assessoria-dimatge\/#breadcrumb"},"inLanguage":"es","potentialAction":[{"@type":"ReadAction","target":["https:\/\/vistaroses.es\/serveis\/assessoria-dimatge\/"]}]},{"@type":"BreadcrumbList","@id":"https:\/\/vistaroses.es\/serveis\/assessoria-dimatge\/#breadcrumb","itemListElement":[{"@type":"ListItem","position":1,"name":"Home","item":"https:\/\/vistaroses.es\/es\/"},{"@type":"ListItem","position":2,"name":"Serveis","item":"https:\/\/vistaroses.es\/serveis\/"},{"@type":"ListItem","position":3,"name":"Assessoria d&#8217;Imatge"}]},{"@type":"WebSite","@id":"https:\/\/vistaroses.es\/es\/#website","url":"https:\/\/vistaroses.es\/es\/","name":"vistaoptica","description":"Tienda de vistaoptica a Roses Girona","potentialAction":[{"@type":"SearchAction","target":{"@type":"EntryPoint","urlTemplate":"https:\/\/vistaroses.es\/es\/?s={search_term_string}"},"query-input":"required name=search_term_string"}],"inLanguage":"es"}]}},"_links":{"self":[{"href":"https:\/\/vistaroses.es\/es\/wp-json\/wp\/v2\/pages\/168"}],"collection":[{"href":"https:\/\/vistaroses.es\/es\/wp-json\/wp\/v2\/pages"}],"about":[{"href":"https:\/\/vistaroses.es\/es\/wp-json\/wp\/v2\/types\/page"}],"author":[{"embeddable":true,"href":"https:\/\/vistaroses.es\/es\/wp-json\/wp\/v2\/users\/1"}],"replies":[{"embeddable":true,"href":"https:\/\/vistaroses.es\/es\/wp-json\/wp\/v2\/comments?post=168"}],"version-history":[{"count":11,"href":"https:\/\/vistaroses.es\/es\/wp-json\/wp\/v2\/pages\/168\/revisions"}],"predecessor-version":[{"id":650,"href":"https:\/\/vistaroses.es\/es\/wp-json\/wp\/v2\/pages\/168\/revisions\/650"}],"up":[{"embeddable":true,"href":"https:\/\/vistaroses.es\/es\/wp-json\/wp\/v2\/pages\/157"}],"wp:attachment":[{"href":"https:\/\/vistaroses.es\/es\/wp-json\/wp\/v2\/media?parent=168"}],"curies":[{"name":"wp","href":"https:\/\/api.w.org\/{rel}","templated":true}]}}