{"id":166,"date":"2017-09-26T15:34:21","date_gmt":"2017-09-26T15:34:21","guid":{"rendered":"http:\/\/vistaroses.es\/?page_id=166"},"modified":"2017-09-29T15:41:44","modified_gmt":"2017-09-29T15:41:44","slug":"optometria-infantil","status":"publish","type":"page","link":"https:\/\/vistaroses.es\/es\/serveis\/optometria-infantil\/","title":{"rendered":"Optometria Infantil"},"content":{"rendered":"<div class=\"wpb-content-wrapper\"><p>[vc_row type=\u00bbvc_default\u00bb css=\u00bb.vc_custom_1474212455358{margin-bottom: -50px !important;}\u00bb][vc_column offset=\u00bbvc_col-lg-8 vc_col-md-8 vc_col-xs-12&#8243; css=\u00bb.vc_custom_1474210659519{margin-bottom: 50px !important;padding-right: 25px !important;padding-left: 25px !important;}\u00bb][vc_single_image image=\u00bb122&#8243; img_size=\u00bb1000&#215;531&#8243; css=\u00bb.vc_custom_1506698886504{margin-bottom: 35px !important;}\u00bb]<div id=\"ultimate-heading-506169e1c69fa254e\" class=\"uvc-heading ult-adjust-bottom-margin ultimate-heading-506169e1c69fa254e uvc-5023  uvc-heading-default-font-sizes\" data-hspacer=\"no_spacer\"  data-halign=\"left\" style=\"text-align:left\"><div class=\"uvc-heading-spacer no_spacer\" style=\"top\"><\/div><div class=\"uvc-main-heading ult-responsive\"  data-ultimate-target='.uvc-heading.ultimate-heading-506169e1c69fa254e h2'  data-responsive-json-new='{\"font-size\":\"\",\"line-height\":\"\"}' ><h2 style=\"font-weight:bold;margin-bottom:20px;\">Optometria infantil<\/h2><\/div><\/div>[vc_column_text]El 80% dels fracassos escolars es deuen a problemes visuals, que no es valoren nom\u00e9s per una bona o dolenta \u00abvisi\u00f3\u00bb ja que pot ser que el nen vegi b\u00e9 per\u00f2 no pugui mantenir la mirada en el llibre m\u00e9s de 10 minuts, no li agradi llegir, li plorin els ulls, li piquin, se li gargotegi la pissarra quan aixeca els ulls del paper, confongui paraules, se salti l\u00ednies, no comprengui el que llegeix, tot i que llegeixi molt r\u00e0pid, etc &#8230;[\/vc_column_text][vc_accordion active_tab=\u00bb1&#8243; title_size=\u00bbh5&#8243; style=\u00bb2&#8243;][vc_accordion_tab title=\u00bbDes del naixement fins als 3 mesos de vida\u00bb][vc_column_text css=\u00bb.vc_custom_1506699535477{padding-top: 10px !important;padding-bottom: 10px !important;background-color: #ffffff !important;}\u00bb]\u00c9s una etapa monocular en qu\u00e8 s&#8217;ha de donar la mateixa opci\u00f3 d&#8217;estimulaci\u00f3 a un ull i l&#8217;altre; s\u00f3n importants coses com, per exemple, canviar la posici\u00f3 del bressol a l&#8217;habitaci\u00f3 (aix\u00ed va mirant la llum de la finestra i la llum de la porta des de diferents angles, fomentant que els dos ulls es estimulin per igual).[\/vc_column_text][\/vc_accordion_tab][vc_accordion_tab title=\u00bbDes dels 3 mesos fins a 1 any\u00bb][vc_column_text css=\u00bb.vc_custom_1506699575825{padding-top: 10px !important;padding-bottom: 10px !important;background-color: #ffffff !important;}\u00bb]Entra en joc la manipulaci\u00f3 i la locomoci\u00f3. El nen comen\u00e7a a agafar objectes, als quals prestar\u00e0 atenci\u00f3 durant molt pocs minuts, o b\u00e9 intentar\u00e0 arribar a ells primer arrossegant-se i despr\u00e9s gatejant, aix\u00f2 li permetr\u00e0 utilitzar els dos costats del cos i els dos ulls de forma coordinada. Aquesta locomoci\u00f3 implica coordinaci\u00f3 i control neurol\u00f2gic, motor i visuomotor.[\/vc_column_text][\/vc_accordion_tab][vc_accordion_tab title=\u00bbD&#8217;1 a 3 anys\u00bb][vc_column_text css=\u00bb.vc_custom_1506699613033{padding-top: 10px !important;padding-bottom: 10px !important;background-color: #ffffff !important;}\u00bb]La visi\u00f3 madura igual que l&#8217;organitzaci\u00f3 neuronal. El nen mant\u00e9 un equilibri m\u00e9s prec\u00eds entre el costat dret i el costat esquerre, davant i darrere. Es consolida el patr\u00f3 contralateral.[\/vc_column_text][\/vc_accordion_tab][vc_accordion_tab title=\u00bbDe 3 a 6 anys\u00bb][vc_column_text css=\u00bb.vc_custom_1506699647378{padding-top: 10px !important;padding-bottom: 10px !important;background-color: #ffffff !important;}\u00bb]Es desenvolupa completament tota la visi\u00f3, la percepci\u00f3 de l&#8217;espai visual orientat, l&#8217;esquema corporal, la lateralitat i direccionalitat tenen una mateixa base: el moviment coordinat, dirigit i organitzat del camp visual del nen van a permetre a l&#8217;etapa escolar que el nen es s&#8217;inici\u00ef en la lectoescriptura.[\/vc_column_text][\/vc_accordion_tab][vc_accordion_tab title=\u00bbDes dels 6 als 12 anys\u00bb][vc_column_text]T\u00e9 lloc la maduresa del sistema visual. En aquesta etapa s&#8217;ha de consolidar una visi\u00f3 efica\u00e7, que anir\u00e0 lligada amb el bon rendiment escolar.[\/vc_column_text][\/vc_accordion_tab][\/vc_accordion][\/vc_column][vc_column offset=\u00bbvc_col-lg-4 vc_col-md-4 vc_col-xs-12&#8243; css=\u00bb.vc_custom_1474210785130{margin-bottom: 50px !important;padding-right: 25px !important;padding-left: 25px !important;}\u00bb][vc_row_inner css=\u00bb.vc_custom_1474210891220{padding-right: 25px !important;padding-left: 25px !important;}\u00bb][vc_column_inner css=\u00bb.vc_custom_1474211073851{padding-top: 30px !important;padding-right: 30px !important;padding-bottom: 15px !important;padding-left: 30px !important;background-color: #f4f4f4 !important;}\u00bb]<div id=\"ultimate-heading-811869e1c69fa2591\" class=\"uvc-heading ult-adjust-bottom-margin ultimate-heading-811869e1c69fa2591 uvc-3498  uvc-heading-default-font-sizes\" data-hspacer=\"no_spacer\"  data-halign=\"left\" style=\"text-align:left\"><div class=\"uvc-heading-spacer no_spacer\" style=\"top\"><\/div><div class=\"uvc-main-heading ult-responsive\"  data-ultimate-target='.uvc-heading.ultimate-heading-811869e1c69fa2591 h3'  data-responsive-json-new='{\"font-size\":\"\",\"line-height\":\"\"}' ><h3 style=\"font-weight:bold;margin-bottom:20px;\">Els nostres serveis<\/h3><\/div><\/div>[vc_widget_sidebar show_bg=\u00bbfalse\u00bb sidebar_id=\u00bbsidebar_4&#8243;][\/vc_column_inner][vc_column_inner css=\u00bb.vc_custom_1474210997759{margin-top: 30px !important;padding-top: 30px !important;padding-right: 30px !important;padding-bottom: 20px !important;padding-left: 30px !important;background-color: #f4f4f4 !important;}\u00bb]<div id=\"ultimate-heading-213669e1c69fa25bc\" class=\"uvc-heading ult-adjust-bottom-margin ultimate-heading-213669e1c69fa25bc uvc-5557  uvc-heading-default-font-sizes\" data-hspacer=\"no_spacer\"  data-halign=\"left\" style=\"text-align:left\"><div class=\"uvc-heading-spacer no_spacer\" style=\"top\"><\/div><div class=\"uvc-main-heading ult-responsive\"  data-ultimate-target='.uvc-heading.ultimate-heading-213669e1c69fa25bc h3'  data-responsive-json-new='{\"font-size\":\"\",\"line-height\":\"\"}' ><h3 style=\"font-weight:bold;margin-bottom:20px;\">Demana cita<\/h3><\/div><\/div>\n<div class=\"wpcf7 no-js\" id=\"wpcf7-f5-o1\" lang=\"en-US\" dir=\"ltr\">\n<div class=\"screen-reader-response\"><p role=\"status\" aria-live=\"polite\" aria-atomic=\"true\"><\/p> <ul><\/ul><\/div>\n<form action=\"\/es\/wp-json\/wp\/v2\/pages\/166#wpcf7-f5-o1\" method=\"post\" class=\"wpcf7-form init\" aria-label=\"Contact form\" novalidate=\"novalidate\" data-status=\"init\">\n<div style=\"display: none;\">\n<input type=\"hidden\" name=\"_wpcf7\" value=\"5\" \/>\n<input type=\"hidden\" name=\"_wpcf7_version\" value=\"5.8.7\" \/>\n<input type=\"hidden\" name=\"_wpcf7_locale\" value=\"en_US\" \/>\n<input type=\"hidden\" name=\"_wpcf7_unit_tag\" value=\"wpcf7-f5-o1\" \/>\n<input type=\"hidden\" name=\"_wpcf7_container_post\" value=\"0\" \/>\n<input type=\"hidden\" name=\"_wpcf7_posted_data_hash\" value=\"\" \/>\n<\/div>\n<p><label><span class=\"wpcf7-form-control-wrap\" data-name=\"name_surnames\"><input size=\"40\" class=\"wpcf7-form-control wpcf7-text wpcf7-validates-as-required\" aria-required=\"true\" aria-invalid=\"false\" placeholder=\"Nom y cognoms (obligatori)\" value=\"\" type=\"text\" name=\"name_surnames\" \/><\/span><\/label>\n<\/p>\n<p><label><span class=\"wpcf7-form-control-wrap\" data-name=\"email\"><input size=\"40\" class=\"wpcf7-form-control wpcf7-email wpcf7-validates-as-required wpcf7-text wpcf7-validates-as-email\" aria-required=\"true\" aria-invalid=\"false\" placeholder=\"Correu electr\u00f2nic (obligatori)\" value=\"\" type=\"email\" name=\"email\" \/><\/span><\/label>\n<\/p>\n<p><label><span class=\"wpcf7-form-control-wrap\" data-name=\"phone\"><input size=\"40\" class=\"wpcf7-form-control wpcf7-tel wpcf7-text wpcf7-validates-as-tel\" aria-invalid=\"false\" placeholder=\"Tel\u00e8fon\" value=\"\" type=\"tel\" name=\"phone\" \/><\/span><\/label>\n<\/p>\n<p><label><span class=\"wpcf7-form-control-wrap\" data-name=\"comment\"><textarea cols=\"40\" rows=\"5\" class=\"wpcf7-form-control wpcf7-textarea\" aria-invalid=\"false\" placeholder=\"Escriu el teu missatge...\" name=\"comment\"><\/textarea><\/span><\/label>\n<\/p>\n<p><input class=\"wpcf7-form-control wpcf7-submit has-spinner\" type=\"submit\" value=\"Enviar missatge\" \/>\n<\/p><div class=\"wpcf7-response-output\" aria-hidden=\"true\"><\/div>\n<\/form>\n<\/div>\n[\/vc_column_inner][\/vc_row_inner][\/vc_column][\/vc_row]<\/p>\n<\/div>","protected":false},"excerpt":{"rendered":"<p>[vc_row type=\u00bbvc_default\u00bb css=\u00bb.vc_custom_1474212455358{margin-bottom: -50px !important;}\u00bb][vc_column offset=\u00bbvc_col-lg-8 vc_col-md-8 vc_col-xs-12&#8243; css=\u00bb.vc_custom_1474210659519{margin-bottom: 50px !important;padding-right: 25px !important;padding-left: 25px !important;}\u00bb][vc_single_image image=\u00bb122&#8243; img_size=\u00bb1000&#215;531&#8243; css=\u00bb.vc_custom_1506698886504{margin-bottom: 35px !important;}\u00bb][vc_column_text]El 80% dels fracassos escolars es deuen a problemes visuals, que no es valoren nom\u00e9s per una bona o dolenta \u00abvisi\u00f3\u00bb ja que pot ser que el nen vegi b\u00e9 per\u00f2 no pugui mantenir la mirada&hellip;<\/p>\n","protected":false},"author":1,"featured_media":0,"parent":157,"menu_order":0,"comment_status":"closed","ping_status":"closed","template":"","meta":[],"yoast_head":"<!-- This site is optimized with the Yoast SEO plugin v21.8.1 - https:\/\/yoast.com\/wordpress\/plugins\/seo\/ -->\n<title>Optometria Infantil - vistaoptica<\/title>\n<meta name=\"robots\" content=\"index, follow, max-snippet:-1, max-image-preview:large, max-video-preview:-1\" \/>\n<link rel=\"canonical\" href=\"https:\/\/vistaroses.es\/serveis\/optometria-infantil\/\" \/>\n<meta property=\"og:locale\" content=\"es_ES\" \/>\n<meta property=\"og:type\" content=\"article\" \/>\n<meta property=\"og:title\" content=\"Optometria Infantil - vistaoptica\" \/>\n<meta property=\"og:description\" content=\"[vc_row type=\u00bbvc_default\u00bb css=\u00bb.vc_custom_1474212455358{margin-bottom: -50px !important;}\u00bb][vc_column offset=\u00bbvc_col-lg-8 vc_col-md-8 vc_col-xs-12&#8243; css=\u00bb.vc_custom_1474210659519{margin-bottom: 50px !important;padding-right: 25px !important;padding-left: 25px !important;}\u00bb][vc_single_image image=\u00bb122&#8243; img_size=\u00bb1000&#215;531&#8243; css=\u00bb.vc_custom_1506698886504{margin-bottom: 35px !important;}\u00bb][vc_column_text]El 80% dels fracassos escolars es deuen a problemes visuals, que no es valoren nom\u00e9s per una bona o dolenta \u00abvisi\u00f3\u00bb ja que pot ser que el nen vegi b\u00e9 per\u00f2 no pugui mantenir la mirada&hellip;\" \/>\n<meta property=\"og:url\" content=\"https:\/\/vistaroses.es\/serveis\/optometria-infantil\/\" \/>\n<meta property=\"og:site_name\" content=\"vistaoptica\" \/>\n<meta property=\"article:publisher\" content=\"https:\/\/www.facebook.com\/VitaopticaRoses\" \/>\n<meta property=\"article:modified_time\" content=\"2017-09-29T15:41:44+00:00\" \/>\n<meta name=\"twitter:card\" content=\"summary_large_image\" \/>\n<meta name=\"twitter:site\" content=\"@VistaOpt_Roses\" \/>\n<meta name=\"twitter:label1\" content=\"Tiempo de lectura\" \/>\n\t<meta name=\"twitter:data1\" content=\"3 minutos\" \/>\n<script type=\"application\/ld+json\" class=\"yoast-schema-graph\">{\"@context\":\"https:\/\/schema.org\",\"@graph\":[{\"@type\":\"WebPage\",\"@id\":\"https:\/\/vistaroses.es\/serveis\/optometria-infantil\/\",\"url\":\"https:\/\/vistaroses.es\/serveis\/optometria-infantil\/\",\"name\":\"Optometria Infantil - vistaoptica\",\"isPartOf\":{\"@id\":\"https:\/\/vistaroses.es\/es\/#website\"},\"datePublished\":\"2017-09-26T15:34:21+00:00\",\"dateModified\":\"2017-09-29T15:41:44+00:00\",\"breadcrumb\":{\"@id\":\"https:\/\/vistaroses.es\/serveis\/optometria-infantil\/#breadcrumb\"},\"inLanguage\":\"es\",\"potentialAction\":[{\"@type\":\"ReadAction\",\"target\":[\"https:\/\/vistaroses.es\/serveis\/optometria-infantil\/\"]}]},{\"@type\":\"BreadcrumbList\",\"@id\":\"https:\/\/vistaroses.es\/serveis\/optometria-infantil\/#breadcrumb\",\"itemListElement\":[{\"@type\":\"ListItem\",\"position\":1,\"name\":\"Home\",\"item\":\"https:\/\/vistaroses.es\/es\/\"},{\"@type\":\"ListItem\",\"position\":2,\"name\":\"Serveis\",\"item\":\"https:\/\/vistaroses.es\/serveis\/\"},{\"@type\":\"ListItem\",\"position\":3,\"name\":\"Optometria Infantil\"}]},{\"@type\":\"WebSite\",\"@id\":\"https:\/\/vistaroses.es\/es\/#website\",\"url\":\"https:\/\/vistaroses.es\/es\/\",\"name\":\"vistaoptica\",\"description\":\"Tienda de vistaoptica a Roses Girona\",\"potentialAction\":[{\"@type\":\"SearchAction\",\"target\":{\"@type\":\"EntryPoint\",\"urlTemplate\":\"https:\/\/vistaroses.es\/es\/?s={search_term_string}\"},\"query-input\":\"required name=search_term_string\"}],\"inLanguage\":\"es\"}]}<\/script>\n<!-- \/ Yoast SEO plugin. -->","yoast_head_json":{"title":"Optometria Infantil - vistaoptica","robots":{"index":"index","follow":"follow","max-snippet":"max-snippet:-1","max-image-preview":"max-image-preview:large","max-video-preview":"max-video-preview:-1"},"canonical":"https:\/\/vistaroses.es\/serveis\/optometria-infantil\/","og_locale":"es_ES","og_type":"article","og_title":"Optometria Infantil - vistaoptica","og_description":"[vc_row type=\u00bbvc_default\u00bb css=\u00bb.vc_custom_1474212455358{margin-bottom: -50px !important;}\u00bb][vc_column offset=\u00bbvc_col-lg-8 vc_col-md-8 vc_col-xs-12&#8243; css=\u00bb.vc_custom_1474210659519{margin-bottom: 50px !important;padding-right: 25px !important;padding-left: 25px !important;}\u00bb][vc_single_image image=\u00bb122&#8243; img_size=\u00bb1000&#215;531&#8243; css=\u00bb.vc_custom_1506698886504{margin-bottom: 35px !important;}\u00bb][vc_column_text]El 80% dels fracassos escolars es deuen a problemes visuals, que no es valoren nom\u00e9s per una bona o dolenta \u00abvisi\u00f3\u00bb ja que pot ser que el nen vegi b\u00e9 per\u00f2 no pugui mantenir la mirada&hellip;","og_url":"https:\/\/vistaroses.es\/serveis\/optometria-infantil\/","og_site_name":"vistaoptica","article_publisher":"https:\/\/www.facebook.com\/VitaopticaRoses","article_modified_time":"2017-09-29T15:41:44+00:00","twitter_card":"summary_large_image","twitter_site":"@VistaOpt_Roses","twitter_misc":{"Tiempo de lectura":"3 minutos"},"schema":{"@context":"https:\/\/schema.org","@graph":[{"@type":"WebPage","@id":"https:\/\/vistaroses.es\/serveis\/optometria-infantil\/","url":"https:\/\/vistaroses.es\/serveis\/optometria-infantil\/","name":"Optometria Infantil - vistaoptica","isPartOf":{"@id":"https:\/\/vistaroses.es\/es\/#website"},"datePublished":"2017-09-26T15:34:21+00:00","dateModified":"2017-09-29T15:41:44+00:00","breadcrumb":{"@id":"https:\/\/vistaroses.es\/serveis\/optometria-infantil\/#breadcrumb"},"inLanguage":"es","potentialAction":[{"@type":"ReadAction","target":["https:\/\/vistaroses.es\/serveis\/optometria-infantil\/"]}]},{"@type":"BreadcrumbList","@id":"https:\/\/vistaroses.es\/serveis\/optometria-infantil\/#breadcrumb","itemListElement":[{"@type":"ListItem","position":1,"name":"Home","item":"https:\/\/vistaroses.es\/es\/"},{"@type":"ListItem","position":2,"name":"Serveis","item":"https:\/\/vistaroses.es\/serveis\/"},{"@type":"ListItem","position":3,"name":"Optometria Infantil"}]},{"@type":"WebSite","@id":"https:\/\/vistaroses.es\/es\/#website","url":"https:\/\/vistaroses.es\/es\/","name":"vistaoptica","description":"Tienda de vistaoptica a Roses Girona","potentialAction":[{"@type":"SearchAction","target":{"@type":"EntryPoint","urlTemplate":"https:\/\/vistaroses.es\/es\/?s={search_term_string}"},"query-input":"required name=search_term_string"}],"inLanguage":"es"}]}},"_links":{"self":[{"href":"https:\/\/vistaroses.es\/es\/wp-json\/wp\/v2\/pages\/166"}],"collection":[{"href":"https:\/\/vistaroses.es\/es\/wp-json\/wp\/v2\/pages"}],"about":[{"href":"https:\/\/vistaroses.es\/es\/wp-json\/wp\/v2\/types\/page"}],"author":[{"embeddable":true,"href":"https:\/\/vistaroses.es\/es\/wp-json\/wp\/v2\/users\/1"}],"replies":[{"embeddable":true,"href":"https:\/\/vistaroses.es\/es\/wp-json\/wp\/v2\/comments?post=166"}],"version-history":[{"count":4,"href":"https:\/\/vistaroses.es\/es\/wp-json\/wp\/v2\/pages\/166\/revisions"}],"predecessor-version":[{"id":219,"href":"https:\/\/vistaroses.es\/es\/wp-json\/wp\/v2\/pages\/166\/revisions\/219"}],"up":[{"embeddable":true,"href":"https:\/\/vistaroses.es\/es\/wp-json\/wp\/v2\/pages\/157"}],"wp:attachment":[{"href":"https:\/\/vistaroses.es\/es\/wp-json\/wp\/v2\/media?parent=166"}],"curies":[{"name":"wp","href":"https:\/\/api.w.org\/{rel}","templated":true}]}}