{"id":163,"date":"2017-09-26T15:34:01","date_gmt":"2017-09-26T15:34:01","guid":{"rendered":"http:\/\/vistaroses.es\/?page_id=163"},"modified":"2017-10-11T15:44:18","modified_gmt":"2017-10-11T15:44:18","slug":"baixa-visio","status":"publish","type":"page","link":"https:\/\/vistaroses.es\/es\/serveis\/baixa-visio\/","title":{"rendered":"Baixa Visi\u00f3"},"content":{"rendered":"<div class=\"wpb-content-wrapper\"><p>[vc_row type=\u00bbvc_default\u00bb css=\u00bb.vc_custom_1474212455358{margin-bottom: -50px !important;}\u00bb][vc_column offset=\u00bbvc_col-lg-8 vc_col-md-8 vc_col-xs-12&#8243; css=\u00bb.vc_custom_1474210659519{margin-bottom: 50px !important;padding-right: 25px !important;padding-left: 25px !important;}\u00bb][vc_single_image image=\u00bb118&#8243; img_size=\u00bb1000&#215;531&#8243; css=\u00bb.vc_custom_1506697716438{margin-bottom: 35px !important;}\u00bb]<div id=\"ultimate-heading-83569e1d6e77d11c\" class=\"uvc-heading ult-adjust-bottom-margin ultimate-heading-83569e1d6e77d11c uvc-2510  uvc-heading-default-font-sizes\" data-hspacer=\"no_spacer\"  data-halign=\"left\" style=\"text-align:left\"><div class=\"uvc-heading-spacer no_spacer\" style=\"top\"><\/div><div class=\"uvc-main-heading ult-responsive\"  data-ultimate-target='.uvc-heading.ultimate-heading-83569e1d6e77d11c h2'  data-responsive-json-new='{\"font-size\":\"\",\"line-height\":\"\"}' ><h2 style=\"font-weight:bold;margin-bottom:20px;\">Qu\u00e8 \u00e9s la Baixa Visi\u00f3?<\/h2><\/div><\/div>[vc_column_text]\u00c9s una p\u00e8rdua de la capacitat visual que no pot ser corregida amb ulleres, lents de contacte, f\u00e0rmacs o cirurgia. Les persones amb baixa visi\u00f3 tenen m\u00e9s dif\u00edcil, o no poden, realitzar activitats de la vida quotidiana com la lectura, escriptura, recon\u00e8ixer rostres, la mobilitat, etc.[\/vc_column_text]<div id=\"ultimate-heading-317669e1d6e77d159\" class=\"uvc-heading ult-adjust-bottom-margin ultimate-heading-317669e1d6e77d159 uvc-4598 \" data-hspacer=\"no_spacer\"  data-halign=\"left\" style=\"text-align:left\"><div class=\"uvc-heading-spacer no_spacer\" style=\"top\"><\/div><div class=\"uvc-main-heading ult-responsive\"  data-ultimate-target='.uvc-heading.ultimate-heading-317669e1d6e77d159 h2'  data-responsive-json-new='{\"font-size\":\"desktop:24px;\",\"line-height\":\"desktop:30px;\"}' ><h2 style=\"font-weight:bold;\">Causes de la Baixa Visi\u00f3<\/h2><\/div><\/div>[vc_accordion active_tab=\u00bb1&#8243; collapsible=\u00bbyes\u00bb style=\u00bb2&#8243;][vc_accordion_tab title=\u00bbGlaucoma\u00bb][vc_column_text]El glaucoma \u00e9s una malaltia de l&#8217;ull que li roba la visi\u00f3 de manera gradual. En general no presenta s\u00edmptomes i pot resultar en la p\u00e8rdua de la visi\u00f3 de manera sobtada.[\/vc_column_text][\/vc_accordion_tab][vc_accordion_tab title=\u00bbRetinopatia diab\u00e8tica\u00bb][vc_column_text]La retinopatia diab\u00e8tica \u00e9s una complicaci\u00f3 ocular de la diabetis que est\u00e0 causada pel deteriorament dels vasos sanguinis que irriguen la retina. El dany dels vasos sanguinis de la retina pot tenir com a resultat que aquests pateixin una fuita de fluid o sang. Si la malaltia avan\u00e7a es formen nous vasos sanguinis i prolifera el teixit fibr\u00f3s a la retina, el que t\u00e9 com a conseq\u00fc\u00e8ncia que la visi\u00f3 es deteriori, ja que la imatge enviada al cervell es fa borrosa.[\/vc_column_text][\/vc_accordion_tab][vc_accordion_tab title=\u00bbRetinosi pigment\u00e0ria\u00bb][vc_column_text]La retinosi pigment\u00e0ria no \u00e9s una malaltia \u00fanica, sin\u00f3 un conjunt de malalties oculars cr\u00f2niques d&#8217;origen gen\u00e8tic i car\u00e0cter degeneratiu que s&#8217;agrupen sota aquest nom. Es caracteritza per una degeneraci\u00f3 progressiva de l&#8217;estructura de l&#8217;ull sensible a la llum, la retina, que a poc a poc va perdent les principals c\u00e8l\u00b7lules que la formen, els cons i els bastons.<\/p>\n<p>Produeix com a s\u00edmptomes principals una disminuci\u00f3 lenta per\u00f2 progressiva de l&#8217;agudesa visual que en les primeres etapes afecta predominantment a la visi\u00f3 nocturna i al camp perif\u00e8ric, mantenint per\u00f2 la visi\u00f3 central.[\/vc_column_text][\/vc_accordion_tab][vc_accordion_tab title=\u00bbDegenaraci\u00f3 macular\u00bb][vc_column_text]La degeneraci\u00f3 macular \u00e9s una malaltia de l&#8217;ull ocasionada per danys o deteriorament de la m\u00e0cula. La m\u00e0cula \u00e9s una capa groguenca de teixit sensible a la llum que es troba a la part posterior de l&#8217;ull, en el centre de la retina. Aquesta \u00e0rea proporciona l&#8217;agudesa visual, la que permet a l&#8217;ull percebre detalls fins i petits. Quan la m\u00e0cula no funciona correctament, les \u00e0rees del centre del camp visual comencen a perdre nitidesa, tornant-se t\u00e8rboles, borroses.[\/vc_column_text][\/vc_accordion_tab][\/vc_accordion]<div id=\"ultimate-heading-738569e1d6e77d183\" class=\"uvc-heading ult-adjust-bottom-margin ultimate-heading-738569e1d6e77d183 uvc-6460 \" data-hspacer=\"no_spacer\"  data-halign=\"left\" style=\"text-align:left\"><div class=\"uvc-heading-spacer no_spacer\" style=\"top\"><\/div><div class=\"uvc-main-heading ult-responsive\"  data-ultimate-target='.uvc-heading.ultimate-heading-738569e1d6e77d183 h2'  data-responsive-json-new='{\"font-size\":\"desktop:24px;\",\"line-height\":\"desktop:30px;\"}' ><h2 style=\"font-weight:bold;margin-top:50px;margin-bottom:30px;\">S\u00edmptomes de Baixa Visi\u00f3<\/h2><\/div><\/div><div class=\"standard-arrow list-divider bullet-top\"><ul>\n<li>P\u00e8rdua de la visi\u00f3 central<\/li>\n<li>P\u00e8rdua de la visi\u00f3 perif\u00e8rica (visi\u00f3 lateral)<\/li>\n<li>Ceguesa nocturna<\/li>\n<li>Visi\u00f3 borrosa<\/li>\n<li>Visi\u00f3 mandrosa<\/li>\n<\/ul>\n<\/div>[\/vc_column][vc_column offset=\u00bbvc_col-lg-4 vc_col-md-4 vc_col-xs-12&#8243; css=\u00bb.vc_custom_1474210785130{margin-bottom: 50px !important;padding-right: 25px !important;padding-left: 25px !important;}\u00bb][vc_row_inner css=\u00bb.vc_custom_1474210891220{padding-right: 25px !important;padding-left: 25px !important;}\u00bb][vc_column_inner css=\u00bb.vc_custom_1474211073851{padding-top: 30px !important;padding-right: 30px !important;padding-bottom: 15px !important;padding-left: 30px !important;background-color: #f4f4f4 !important;}\u00bb]<div id=\"ultimate-heading-846969e1d6e77d200\" class=\"uvc-heading ult-adjust-bottom-margin ultimate-heading-846969e1d6e77d200 uvc-1956  uvc-heading-default-font-sizes\" data-hspacer=\"no_spacer\"  data-halign=\"left\" style=\"text-align:left\"><div class=\"uvc-heading-spacer no_spacer\" style=\"top\"><\/div><div class=\"uvc-main-heading ult-responsive\"  data-ultimate-target='.uvc-heading.ultimate-heading-846969e1d6e77d200 h3'  data-responsive-json-new='{\"font-size\":\"\",\"line-height\":\"\"}' ><h3 style=\"font-weight:bold;margin-bottom:20px;\">Els nostres serveis<\/h3><\/div><\/div>[vc_widget_sidebar show_bg=\u00bbfalse\u00bb sidebar_id=\u00bbsidebar_4&#8243;][\/vc_column_inner][vc_column_inner css=\u00bb.vc_custom_1474210997759{margin-top: 30px !important;padding-top: 30px !important;padding-right: 30px !important;padding-bottom: 20px !important;padding-left: 30px !important;background-color: #f4f4f4 !important;}\u00bb]<div id=\"ultimate-heading-696669e1d6e77d228\" class=\"uvc-heading ult-adjust-bottom-margin ultimate-heading-696669e1d6e77d228 uvc-9121  uvc-heading-default-font-sizes\" data-hspacer=\"no_spacer\"  data-halign=\"left\" style=\"text-align:left\"><div class=\"uvc-heading-spacer no_spacer\" style=\"top\"><\/div><div class=\"uvc-main-heading ult-responsive\"  data-ultimate-target='.uvc-heading.ultimate-heading-696669e1d6e77d228 h3'  data-responsive-json-new='{\"font-size\":\"\",\"line-height\":\"\"}' ><h3 style=\"font-weight:bold;margin-bottom:20px;\">Demana cita<\/h3><\/div><\/div>\n<div class=\"wpcf7 no-js\" id=\"wpcf7-f5-o1\" lang=\"en-US\" dir=\"ltr\">\n<div class=\"screen-reader-response\"><p role=\"status\" aria-live=\"polite\" aria-atomic=\"true\"><\/p> <ul><\/ul><\/div>\n<form action=\"\/es\/wp-json\/wp\/v2\/pages\/163#wpcf7-f5-o1\" method=\"post\" class=\"wpcf7-form init\" aria-label=\"Contact form\" novalidate=\"novalidate\" data-status=\"init\">\n<div style=\"display: none;\">\n<input type=\"hidden\" name=\"_wpcf7\" value=\"5\" \/>\n<input type=\"hidden\" name=\"_wpcf7_version\" value=\"5.8.7\" \/>\n<input type=\"hidden\" name=\"_wpcf7_locale\" value=\"en_US\" \/>\n<input type=\"hidden\" name=\"_wpcf7_unit_tag\" value=\"wpcf7-f5-o1\" \/>\n<input type=\"hidden\" name=\"_wpcf7_container_post\" value=\"0\" \/>\n<input type=\"hidden\" name=\"_wpcf7_posted_data_hash\" value=\"\" \/>\n<\/div>\n<p><label><span class=\"wpcf7-form-control-wrap\" data-name=\"name_surnames\"><input size=\"40\" class=\"wpcf7-form-control wpcf7-text wpcf7-validates-as-required\" aria-required=\"true\" aria-invalid=\"false\" placeholder=\"Nom y cognoms (obligatori)\" value=\"\" type=\"text\" name=\"name_surnames\" \/><\/span><\/label>\n<\/p>\n<p><label><span class=\"wpcf7-form-control-wrap\" data-name=\"email\"><input size=\"40\" class=\"wpcf7-form-control wpcf7-email wpcf7-validates-as-required wpcf7-text wpcf7-validates-as-email\" aria-required=\"true\" aria-invalid=\"false\" placeholder=\"Correu electr\u00f2nic (obligatori)\" value=\"\" type=\"email\" name=\"email\" \/><\/span><\/label>\n<\/p>\n<p><label><span class=\"wpcf7-form-control-wrap\" data-name=\"phone\"><input size=\"40\" class=\"wpcf7-form-control wpcf7-tel wpcf7-text wpcf7-validates-as-tel\" aria-invalid=\"false\" placeholder=\"Tel\u00e8fon\" value=\"\" type=\"tel\" name=\"phone\" \/><\/span><\/label>\n<\/p>\n<p><label><span class=\"wpcf7-form-control-wrap\" data-name=\"comment\"><textarea cols=\"40\" rows=\"5\" class=\"wpcf7-form-control wpcf7-textarea\" aria-invalid=\"false\" placeholder=\"Escriu el teu missatge...\" name=\"comment\"><\/textarea><\/span><\/label>\n<\/p>\n<p><input class=\"wpcf7-form-control wpcf7-submit has-spinner\" type=\"submit\" value=\"Enviar missatge\" \/>\n<\/p><div class=\"wpcf7-response-output\" aria-hidden=\"true\"><\/div>\n<\/form>\n<\/div>\n[\/vc_column_inner][\/vc_row_inner][\/vc_column][\/vc_row]<\/p>\n<\/div>","protected":false},"excerpt":{"rendered":"<p>[vc_row type=\u00bbvc_default\u00bb css=\u00bb.vc_custom_1474212455358{margin-bottom: -50px !important;}\u00bb][vc_column offset=\u00bbvc_col-lg-8 vc_col-md-8 vc_col-xs-12&#8243; css=\u00bb.vc_custom_1474210659519{margin-bottom: 50px !important;padding-right: 25px !important;padding-left: 25px !important;}\u00bb][vc_single_image image=\u00bb118&#8243; img_size=\u00bb1000&#215;531&#8243; css=\u00bb.vc_custom_1506697716438{margin-bottom: 35px !important;}\u00bb][vc_column_text]\u00c9s una p\u00e8rdua de la capacitat visual que no pot ser corregida amb ulleres, lents de contacte, f\u00e0rmacs o cirurgia. Les persones amb baixa visi\u00f3 tenen m\u00e9s dif\u00edcil, o no poden, realitzar activitats de la vida&hellip;<\/p>\n","protected":false},"author":1,"featured_media":0,"parent":157,"menu_order":0,"comment_status":"closed","ping_status":"closed","template":"","meta":[],"yoast_head":"<!-- This site is optimized with the Yoast SEO plugin v21.8.1 - https:\/\/yoast.com\/wordpress\/plugins\/seo\/ -->\n<title>Baixa Visi\u00f3 - vistaoptica<\/title>\n<meta name=\"robots\" content=\"index, follow, max-snippet:-1, max-image-preview:large, max-video-preview:-1\" \/>\n<link rel=\"canonical\" href=\"https:\/\/vistaroses.es\/serveis\/baixa-visio\/\" \/>\n<meta property=\"og:locale\" content=\"es_ES\" \/>\n<meta property=\"og:type\" content=\"article\" \/>\n<meta property=\"og:title\" content=\"Baixa Visi\u00f3 - vistaoptica\" \/>\n<meta property=\"og:description\" content=\"[vc_row type=\u00bbvc_default\u00bb css=\u00bb.vc_custom_1474212455358{margin-bottom: -50px !important;}\u00bb][vc_column offset=\u00bbvc_col-lg-8 vc_col-md-8 vc_col-xs-12&#8243; css=\u00bb.vc_custom_1474210659519{margin-bottom: 50px !important;padding-right: 25px !important;padding-left: 25px !important;}\u00bb][vc_single_image image=\u00bb118&#8243; img_size=\u00bb1000&#215;531&#8243; css=\u00bb.vc_custom_1506697716438{margin-bottom: 35px !important;}\u00bb][vc_column_text]\u00c9s una p\u00e8rdua de la capacitat visual que no pot ser corregida amb ulleres, lents de contacte, f\u00e0rmacs o cirurgia. Les persones amb baixa visi\u00f3 tenen m\u00e9s dif\u00edcil, o no poden, realitzar activitats de la vida&hellip;\" \/>\n<meta property=\"og:url\" content=\"https:\/\/vistaroses.es\/serveis\/baixa-visio\/\" \/>\n<meta property=\"og:site_name\" content=\"vistaoptica\" \/>\n<meta property=\"article:publisher\" content=\"https:\/\/www.facebook.com\/VitaopticaRoses\" \/>\n<meta property=\"article:modified_time\" content=\"2017-10-11T15:44:18+00:00\" \/>\n<meta name=\"twitter:card\" content=\"summary_large_image\" \/>\n<meta name=\"twitter:site\" content=\"@VistaOpt_Roses\" \/>\n<meta name=\"twitter:label1\" content=\"Tiempo de lectura\" \/>\n\t<meta name=\"twitter:data1\" content=\"4 minutos\" \/>\n<script type=\"application\/ld+json\" class=\"yoast-schema-graph\">{\"@context\":\"https:\/\/schema.org\",\"@graph\":[{\"@type\":\"WebPage\",\"@id\":\"https:\/\/vistaroses.es\/serveis\/baixa-visio\/\",\"url\":\"https:\/\/vistaroses.es\/serveis\/baixa-visio\/\",\"name\":\"Baixa Visi\u00f3 - vistaoptica\",\"isPartOf\":{\"@id\":\"https:\/\/vistaroses.es\/es\/#website\"},\"datePublished\":\"2017-09-26T15:34:01+00:00\",\"dateModified\":\"2017-10-11T15:44:18+00:00\",\"breadcrumb\":{\"@id\":\"https:\/\/vistaroses.es\/serveis\/baixa-visio\/#breadcrumb\"},\"inLanguage\":\"es\",\"potentialAction\":[{\"@type\":\"ReadAction\",\"target\":[\"https:\/\/vistaroses.es\/serveis\/baixa-visio\/\"]}]},{\"@type\":\"BreadcrumbList\",\"@id\":\"https:\/\/vistaroses.es\/serveis\/baixa-visio\/#breadcrumb\",\"itemListElement\":[{\"@type\":\"ListItem\",\"position\":1,\"name\":\"Home\",\"item\":\"https:\/\/vistaroses.es\/es\/\"},{\"@type\":\"ListItem\",\"position\":2,\"name\":\"Serveis\",\"item\":\"https:\/\/vistaroses.es\/serveis\/\"},{\"@type\":\"ListItem\",\"position\":3,\"name\":\"Baixa Visi\u00f3\"}]},{\"@type\":\"WebSite\",\"@id\":\"https:\/\/vistaroses.es\/es\/#website\",\"url\":\"https:\/\/vistaroses.es\/es\/\",\"name\":\"vistaoptica\",\"description\":\"Tienda de vistaoptica a Roses Girona\",\"potentialAction\":[{\"@type\":\"SearchAction\",\"target\":{\"@type\":\"EntryPoint\",\"urlTemplate\":\"https:\/\/vistaroses.es\/es\/?s={search_term_string}\"},\"query-input\":\"required name=search_term_string\"}],\"inLanguage\":\"es\"}]}<\/script>\n<!-- \/ Yoast SEO plugin. -->","yoast_head_json":{"title":"Baixa Visi\u00f3 - vistaoptica","robots":{"index":"index","follow":"follow","max-snippet":"max-snippet:-1","max-image-preview":"max-image-preview:large","max-video-preview":"max-video-preview:-1"},"canonical":"https:\/\/vistaroses.es\/serveis\/baixa-visio\/","og_locale":"es_ES","og_type":"article","og_title":"Baixa Visi\u00f3 - vistaoptica","og_description":"[vc_row type=\u00bbvc_default\u00bb css=\u00bb.vc_custom_1474212455358{margin-bottom: -50px !important;}\u00bb][vc_column offset=\u00bbvc_col-lg-8 vc_col-md-8 vc_col-xs-12&#8243; css=\u00bb.vc_custom_1474210659519{margin-bottom: 50px !important;padding-right: 25px !important;padding-left: 25px !important;}\u00bb][vc_single_image image=\u00bb118&#8243; img_size=\u00bb1000&#215;531&#8243; css=\u00bb.vc_custom_1506697716438{margin-bottom: 35px !important;}\u00bb][vc_column_text]\u00c9s una p\u00e8rdua de la capacitat visual que no pot ser corregida amb ulleres, lents de contacte, f\u00e0rmacs o cirurgia. Les persones amb baixa visi\u00f3 tenen m\u00e9s dif\u00edcil, o no poden, realitzar activitats de la vida&hellip;","og_url":"https:\/\/vistaroses.es\/serveis\/baixa-visio\/","og_site_name":"vistaoptica","article_publisher":"https:\/\/www.facebook.com\/VitaopticaRoses","article_modified_time":"2017-10-11T15:44:18+00:00","twitter_card":"summary_large_image","twitter_site":"@VistaOpt_Roses","twitter_misc":{"Tiempo de lectura":"4 minutos"},"schema":{"@context":"https:\/\/schema.org","@graph":[{"@type":"WebPage","@id":"https:\/\/vistaroses.es\/serveis\/baixa-visio\/","url":"https:\/\/vistaroses.es\/serveis\/baixa-visio\/","name":"Baixa Visi\u00f3 - vistaoptica","isPartOf":{"@id":"https:\/\/vistaroses.es\/es\/#website"},"datePublished":"2017-09-26T15:34:01+00:00","dateModified":"2017-10-11T15:44:18+00:00","breadcrumb":{"@id":"https:\/\/vistaroses.es\/serveis\/baixa-visio\/#breadcrumb"},"inLanguage":"es","potentialAction":[{"@type":"ReadAction","target":["https:\/\/vistaroses.es\/serveis\/baixa-visio\/"]}]},{"@type":"BreadcrumbList","@id":"https:\/\/vistaroses.es\/serveis\/baixa-visio\/#breadcrumb","itemListElement":[{"@type":"ListItem","position":1,"name":"Home","item":"https:\/\/vistaroses.es\/es\/"},{"@type":"ListItem","position":2,"name":"Serveis","item":"https:\/\/vistaroses.es\/serveis\/"},{"@type":"ListItem","position":3,"name":"Baixa Visi\u00f3"}]},{"@type":"WebSite","@id":"https:\/\/vistaroses.es\/es\/#website","url":"https:\/\/vistaroses.es\/es\/","name":"vistaoptica","description":"Tienda de vistaoptica a Roses Girona","potentialAction":[{"@type":"SearchAction","target":{"@type":"EntryPoint","urlTemplate":"https:\/\/vistaroses.es\/es\/?s={search_term_string}"},"query-input":"required name=search_term_string"}],"inLanguage":"es"}]}},"_links":{"self":[{"href":"https:\/\/vistaroses.es\/es\/wp-json\/wp\/v2\/pages\/163"}],"collection":[{"href":"https:\/\/vistaroses.es\/es\/wp-json\/wp\/v2\/pages"}],"about":[{"href":"https:\/\/vistaroses.es\/es\/wp-json\/wp\/v2\/types\/page"}],"author":[{"embeddable":true,"href":"https:\/\/vistaroses.es\/es\/wp-json\/wp\/v2\/users\/1"}],"replies":[{"embeddable":true,"href":"https:\/\/vistaroses.es\/es\/wp-json\/wp\/v2\/comments?post=163"}],"version-history":[{"count":9,"href":"https:\/\/vistaroses.es\/es\/wp-json\/wp\/v2\/pages\/163\/revisions"}],"predecessor-version":[{"id":234,"href":"https:\/\/vistaroses.es\/es\/wp-json\/wp\/v2\/pages\/163\/revisions\/234"}],"up":[{"embeddable":true,"href":"https:\/\/vistaroses.es\/es\/wp-json\/wp\/v2\/pages\/157"}],"wp:attachment":[{"href":"https:\/\/vistaroses.es\/es\/wp-json\/wp\/v2\/media?parent=163"}],"curies":[{"name":"wp","href":"https:\/\/api.w.org\/{rel}","templated":true}]}}