{"id":12,"date":"2017-09-17T07:32:25","date_gmt":"2017-09-17T07:32:25","guid":{"rendered":"http:\/\/vistaroses.es\/?page_id=12"},"modified":"2017-09-29T14:52:51","modified_gmt":"2017-09-29T14:52:51","slug":"contactologia","status":"publish","type":"page","link":"https:\/\/vistaroses.es\/es\/serveis\/contactologia\/","title":{"rendered":"Contactologia"},"content":{"rendered":"<div class=\"wpb-content-wrapper\"><p>[vc_row type=\u00bbvc_default\u00bb css=\u00bb.vc_custom_1474212455358{margin-bottom: -50px !important;}\u00bb][vc_column offset=\u00bbvc_col-lg-8 vc_col-md-8 vc_col-xs-12&#8243; css=\u00bb.vc_custom_1474210659519{margin-bottom: 50px !important;padding-right: 25px !important;padding-left: 25px !important;}\u00bb][vc_single_image image=\u00bb120&#8243; img_size=\u00bb1000&#215;531&#8243; css=\u00bb.vc_custom_1506439749533{margin-bottom: 35px !important;}\u00bb]<div id=\"ultimate-heading-11669e9dab68a2ea\" class=\"uvc-heading ult-adjust-bottom-margin ultimate-heading-11669e9dab68a2ea uvc-5728  uvc-heading-default-font-sizes\" data-hspacer=\"no_spacer\"  data-halign=\"left\" style=\"text-align:left\"><div class=\"uvc-heading-spacer no_spacer\" style=\"top\"><\/div><div class=\"uvc-main-heading ult-responsive\"  data-ultimate-target='.uvc-heading.ultimate-heading-11669e9dab68a2ea h2'  data-responsive-json-new='{\"font-size\":\"\",\"line-height\":\"\"}' ><h2 style=\"font-weight:bold;margin-bottom:20px;\">Qu\u00e8 \u00e9s la Contactologia?<\/h2><\/div><\/div>[vc_column_text]La contactologia \u00e9s una disciplina optom\u00e8trica que s&#8217;encarrega de l&#8217;estudi i adaptaci\u00f3 de les lents de contacte com a m\u00e8tode de correcci\u00f3 \u00f2ptica per problemes refractius o altres anomalies visuals (deformitats corneals, presb\u00edcia, etc.).[\/vc_column_text]<div id=\"ultimate-heading-602169e9dab68a32e\" class=\"uvc-heading ult-adjust-bottom-margin ultimate-heading-602169e9dab68a32e uvc-9851 \" data-hspacer=\"no_spacer\"  data-halign=\"left\" style=\"text-align:left\"><div class=\"uvc-heading-spacer no_spacer\" style=\"top\"><\/div><div class=\"uvc-main-heading ult-responsive\"  data-ultimate-target='.uvc-heading.ultimate-heading-602169e9dab68a32e h2'  data-responsive-json-new='{\"font-size\":\"desktop:24px;\",\"line-height\":\"desktop:30px;\"}' ><h2 style=\"font-weight:bold;margin-bottom:20px;\">Tipus de lents de contacte<\/h2><\/div><\/div>[vc_accordion active_tab=\u00bb1&#8243; collapsible=\u00bbyes\u00bb title_size=\u00bbh5&#8243; style=\u00bb2&#8243;][vc_accordion_tab title=\u00bbLents de Contacte Toves\u00bb][vc_column_text css=\u00bb.vc_custom_1506695829635{padding-top: 10px !important;padding-bottom: 10px !important;background-color: #ffffff !important;}\u00bb]Aquest tipus de lents de contacte han evolucionat molt en els \u00faltims anys amb la incorporaci\u00f3 de nous materials com el hidrogel de silicona, el qual proporciona major DK, (\u00e9s el pas d&#8217;oxigen a trav\u00e9s de la lent de contacte, per nodrir la c\u00f2rnia) .[\/vc_column_text][\/vc_accordion_tab][vc_accordion_tab title=\u00bbLents de Contacte R\u00edgides\u00bb][vc_column_text css=\u00bb.vc_custom_1506695884143{padding-top: 10px !important;padding-bottom: 10px !important;background-color: #ffffff !important;}\u00bb]Aquest tipus de lents de contacte tamb\u00e9 ofereixen un alt pas d&#8217;oxigen, tot i que el port de les mateixes al principi pot ser una mica m\u00e9s molest, per a la salut ocular tenen altres avantatges respecte a les lents toves.[\/vc_column_text][\/vc_accordion_tab][vc_accordion_tab title=\u00bbLents de Contacte H\u00edbrides\u00bb][vc_column_text css=\u00bb.vc_custom_1506695933739{padding-top: 10px !important;padding-bottom: 10px !important;background-color: #ffffff !important;}\u00bb]Aquest tipus de lents de contacte \u00e9s una uni\u00f3 de dos materials, un tou a la zona perif\u00e8rica de la lent i un altre r\u00edgid (RGP) a la zona central. Ofereixen els avantatges de les lents RGP i una major comoditat d&#8217;\u00fas.[\/vc_column_text][\/vc_accordion_tab][\/vc_accordion]<div id=\"ultimate-heading-135769e9dab68a358\" class=\"uvc-heading ult-adjust-bottom-margin ultimate-heading-135769e9dab68a358 uvc-4636 \" data-hspacer=\"no_spacer\"  data-halign=\"left\" style=\"text-align:left\"><div class=\"uvc-heading-spacer no_spacer\" style=\"top\"><\/div><div class=\"uvc-main-heading ult-responsive\"  data-ultimate-target='.uvc-heading.ultimate-heading-135769e9dab68a358 h2'  data-responsive-json-new='{\"font-size\":\"desktop:24px;\",\"line-height\":\"desktop:30px;\"}' ><h2 style=\"font-weight:bold;margin-top:50px;margin-bottom:20px;\">Adaptacions especials<\/h2><\/div><\/div>[vc_accordion active_tab=\u00bb1&#8243; collapsible=\u00bbyes\u00bb title_size=\u00bbh5&#8243; style=\u00bb2&#8243;][vc_accordion_tab title=\u00bbQueratocon\u00bb][vc_column_text css=\u00bb.vc_custom_1506696296994{padding-top: 10px !important;padding-bottom: 10px !important;background-color: #ffffff !important;}\u00bb]El queratocon \u00e9s una alteraci\u00f3 ocular en qu\u00e8 es produeix un aprimament progressiu de la zona central o paracentral de la c\u00f2rnia. La seva forma esf\u00e8rica habitual canvia per una c\u00f2nica, originant un astigmatisme irregular que distorsiona les imatges i una successiva disminuci\u00f3 de la visi\u00f3, no millorable amb ulleres ni amb lents de contacte tradicionals quan est\u00e0 en fases m\u00e9s avan\u00e7ades.<br \/>\n\u00c9s necess\u00e0ria l&#8217;adaptaci\u00f3, mitjan\u00e7ant topografia de cara anterior i posterior, de lents de contacte RGP de geometria personalitzada.[\/vc_column_text][\/vc_accordion_tab][vc_accordion_tab title=\u00bbPost &#8211; Queratoplastia\u00bb][vc_column_text css=\u00bb.vc_custom_1506696330696{padding-top: 10px !important;padding-bottom: 10px !important;background-color: #ffffff !important;}\u00bb]Despr\u00e9s de realitzar un trasplantament de c\u00f2rnia, pot quedar un astigmatisme corneal elevat, el qual provoca disminuci\u00f3 d&#8217;agudesa visual.<br \/>\nPer aix\u00f2, una adaptaci\u00f3 de lent de contacte especial pot ajudar a assolir una millor visi\u00f3.[\/vc_column_text][\/vc_accordion_tab][vc_accordion_tab title=\u00bbLents de Contacte Pedi\u00e0triques\u00bb][vc_column_text css=\u00bb.vc_custom_1506696382559{padding-top: 10px !important;padding-bottom: 10px !important;background-color: #ffffff !important;}\u00bb]En certes ocasions alguns pacients pedi\u00e0trics requereixen l&#8217;adaptaci\u00f3 de lents de contacte a causa de fortes ambliopies (ull gandul), anisometropies (defectes de graduaci\u00f3 molt diferents d&#8217;un ull a un altre), af\u00e0cia (abs\u00e8ncia de cristal\u00b7l\u00ed), astigmatisme elevats, etc.[\/vc_column_text][\/vc_accordion_tab][vc_accordion_tab title=\u00bbTer\u00e0pia nocturna\u00bb][vc_column_text]La ortoqueratologia \u00e9s un procediment cl\u00ednic per reduir la miopia basat en l&#8217;adaptaci\u00f3 de lents de contacte de disseny especial que produeixen un modelo corneal mentre es dorm, i permet una visi\u00f3 n\u00edtida durant el dia.[\/vc_column_text][\/vc_accordion_tab][\/vc_accordion][\/vc_column][vc_column offset=\u00bbvc_col-lg-4 vc_col-md-4 vc_col-xs-12&#8243; css=\u00bb.vc_custom_1474210785130{margin-bottom: 50px !important;padding-right: 25px !important;padding-left: 25px !important;}\u00bb][vc_row_inner css=\u00bb.vc_custom_1474210891220{padding-right: 25px !important;padding-left: 25px !important;}\u00bb][vc_column_inner css=\u00bb.vc_custom_1474211073851{padding-top: 30px !important;padding-right: 30px !important;padding-bottom: 15px !important;padding-left: 30px !important;background-color: #f4f4f4 !important;}\u00bb]<div id=\"ultimate-heading-526569e9dab68a380\" class=\"uvc-heading ult-adjust-bottom-margin ultimate-heading-526569e9dab68a380 uvc-8342  uvc-heading-default-font-sizes\" data-hspacer=\"no_spacer\"  data-halign=\"left\" style=\"text-align:left\"><div class=\"uvc-heading-spacer no_spacer\" style=\"top\"><\/div><div class=\"uvc-main-heading ult-responsive\"  data-ultimate-target='.uvc-heading.ultimate-heading-526569e9dab68a380 h3'  data-responsive-json-new='{\"font-size\":\"\",\"line-height\":\"\"}' ><h3 style=\"font-weight:bold;margin-bottom:20px;\">Els nostres serveis<\/h3><\/div><\/div>[vc_widget_sidebar show_bg=\u00bbfalse\u00bb sidebar_id=\u00bbsidebar_4&#8243;][\/vc_column_inner][vc_column_inner css=\u00bb.vc_custom_1474210997759{margin-top: 30px !important;padding-top: 30px !important;padding-right: 30px !important;padding-bottom: 20px !important;padding-left: 30px !important;background-color: #f4f4f4 !important;}\u00bb]<div id=\"ultimate-heading-936969e9dab68a3a5\" class=\"uvc-heading ult-adjust-bottom-margin ultimate-heading-936969e9dab68a3a5 uvc-2780  uvc-heading-default-font-sizes\" data-hspacer=\"no_spacer\"  data-halign=\"left\" style=\"text-align:left\"><div class=\"uvc-heading-spacer no_spacer\" style=\"top\"><\/div><div class=\"uvc-main-heading ult-responsive\"  data-ultimate-target='.uvc-heading.ultimate-heading-936969e9dab68a3a5 h3'  data-responsive-json-new='{\"font-size\":\"\",\"line-height\":\"\"}' ><h3 style=\"font-weight:bold;margin-bottom:20px;\">Demana cita<\/h3><\/div><\/div>\n<div class=\"wpcf7 no-js\" id=\"wpcf7-f5-o1\" lang=\"en-US\" dir=\"ltr\">\n<div class=\"screen-reader-response\"><p role=\"status\" aria-live=\"polite\" aria-atomic=\"true\"><\/p> <ul><\/ul><\/div>\n<form action=\"\/es\/wp-json\/wp\/v2\/pages\/12#wpcf7-f5-o1\" method=\"post\" class=\"wpcf7-form init\" aria-label=\"Contact form\" novalidate=\"novalidate\" data-status=\"init\">\n<div style=\"display: none;\">\n<input type=\"hidden\" name=\"_wpcf7\" value=\"5\" \/>\n<input type=\"hidden\" name=\"_wpcf7_version\" value=\"5.8.7\" \/>\n<input type=\"hidden\" name=\"_wpcf7_locale\" value=\"en_US\" \/>\n<input type=\"hidden\" name=\"_wpcf7_unit_tag\" value=\"wpcf7-f5-o1\" \/>\n<input type=\"hidden\" name=\"_wpcf7_container_post\" value=\"0\" \/>\n<input type=\"hidden\" name=\"_wpcf7_posted_data_hash\" value=\"\" \/>\n<\/div>\n<p><label><span class=\"wpcf7-form-control-wrap\" data-name=\"name_surnames\"><input size=\"40\" class=\"wpcf7-form-control wpcf7-text wpcf7-validates-as-required\" aria-required=\"true\" aria-invalid=\"false\" placeholder=\"Nom y cognoms (obligatori)\" value=\"\" type=\"text\" name=\"name_surnames\" \/><\/span><\/label>\n<\/p>\n<p><label><span class=\"wpcf7-form-control-wrap\" data-name=\"email\"><input size=\"40\" class=\"wpcf7-form-control wpcf7-email wpcf7-validates-as-required wpcf7-text wpcf7-validates-as-email\" aria-required=\"true\" aria-invalid=\"false\" placeholder=\"Correu electr\u00f2nic (obligatori)\" value=\"\" type=\"email\" name=\"email\" \/><\/span><\/label>\n<\/p>\n<p><label><span class=\"wpcf7-form-control-wrap\" data-name=\"phone\"><input size=\"40\" class=\"wpcf7-form-control wpcf7-tel wpcf7-text wpcf7-validates-as-tel\" aria-invalid=\"false\" placeholder=\"Tel\u00e8fon\" value=\"\" type=\"tel\" name=\"phone\" \/><\/span><\/label>\n<\/p>\n<p><label><span class=\"wpcf7-form-control-wrap\" data-name=\"comment\"><textarea cols=\"40\" rows=\"5\" class=\"wpcf7-form-control wpcf7-textarea\" aria-invalid=\"false\" placeholder=\"Escriu el teu missatge...\" name=\"comment\"><\/textarea><\/span><\/label>\n<\/p>\n<p><input class=\"wpcf7-form-control wpcf7-submit has-spinner\" type=\"submit\" value=\"Enviar missatge\" \/>\n<\/p><div class=\"wpcf7-response-output\" aria-hidden=\"true\"><\/div>\n<\/form>\n<\/div>\n[\/vc_column_inner][\/vc_row_inner][\/vc_column][\/vc_row]<\/p>\n<\/div>","protected":false},"excerpt":{"rendered":"<p>[vc_row type=\u00bbvc_default\u00bb css=\u00bb.vc_custom_1474212455358{margin-bottom: -50px !important;}\u00bb][vc_column offset=\u00bbvc_col-lg-8 vc_col-md-8 vc_col-xs-12&#8243; css=\u00bb.vc_custom_1474210659519{margin-bottom: 50px !important;padding-right: 25px !important;padding-left: 25px !important;}\u00bb][vc_single_image image=\u00bb120&#8243; img_size=\u00bb1000&#215;531&#8243; css=\u00bb.vc_custom_1506439749533{margin-bottom: 35px !important;}\u00bb][vc_column_text]La contactologia \u00e9s una disciplina optom\u00e8trica que s&#8217;encarrega de l&#8217;estudi i adaptaci\u00f3 de les lents de contacte com a m\u00e8tode de correcci\u00f3 \u00f2ptica per problemes refractius o altres anomalies visuals (deformitats corneals, presb\u00edcia, etc.).[\/vc_column_text][vc_accordion active_tab=\u00bb1&#8243; collapsible=\u00bbyes\u00bb&hellip;<\/p>\n","protected":false},"author":1,"featured_media":0,"parent":157,"menu_order":3,"comment_status":"closed","ping_status":"closed","template":"","meta":[],"yoast_head":"<!-- This site is optimized with the Yoast SEO plugin v21.8.1 - https:\/\/yoast.com\/wordpress\/plugins\/seo\/ -->\n<title>Contactologia - vistaoptica<\/title>\n<meta name=\"robots\" content=\"index, follow, max-snippet:-1, max-image-preview:large, max-video-preview:-1\" \/>\n<link rel=\"canonical\" href=\"https:\/\/vistaroses.es\/serveis\/contactologia\/\" \/>\n<meta property=\"og:locale\" content=\"es_ES\" \/>\n<meta property=\"og:type\" content=\"article\" \/>\n<meta property=\"og:title\" content=\"Contactologia - vistaoptica\" \/>\n<meta property=\"og:description\" content=\"[vc_row type=\u00bbvc_default\u00bb css=\u00bb.vc_custom_1474212455358{margin-bottom: -50px !important;}\u00bb][vc_column offset=\u00bbvc_col-lg-8 vc_col-md-8 vc_col-xs-12&#8243; css=\u00bb.vc_custom_1474210659519{margin-bottom: 50px !important;padding-right: 25px !important;padding-left: 25px !important;}\u00bb][vc_single_image image=\u00bb120&#8243; img_size=\u00bb1000&#215;531&#8243; css=\u00bb.vc_custom_1506439749533{margin-bottom: 35px !important;}\u00bb][vc_column_text]La contactologia \u00e9s una disciplina optom\u00e8trica que s&#8217;encarrega de l&#8217;estudi i adaptaci\u00f3 de les lents de contacte com a m\u00e8tode de correcci\u00f3 \u00f2ptica per problemes refractius o altres anomalies visuals (deformitats corneals, presb\u00edcia, etc.).[\/vc_column_text][vc_accordion active_tab=\u00bb1&#8243; collapsible=\u00bbyes\u00bb&hellip;\" \/>\n<meta property=\"og:url\" content=\"https:\/\/vistaroses.es\/serveis\/contactologia\/\" \/>\n<meta property=\"og:site_name\" content=\"vistaoptica\" \/>\n<meta property=\"article:publisher\" content=\"https:\/\/www.facebook.com\/VitaopticaRoses\" \/>\n<meta property=\"article:modified_time\" content=\"2017-09-29T14:52:51+00:00\" \/>\n<meta name=\"twitter:card\" content=\"summary_large_image\" \/>\n<meta name=\"twitter:site\" content=\"@VistaOpt_Roses\" \/>\n<meta name=\"twitter:label1\" content=\"Tiempo de lectura\" \/>\n\t<meta name=\"twitter:data1\" content=\"5 minutos\" \/>\n<script type=\"application\/ld+json\" class=\"yoast-schema-graph\">{\"@context\":\"https:\/\/schema.org\",\"@graph\":[{\"@type\":\"WebPage\",\"@id\":\"https:\/\/vistaroses.es\/serveis\/contactologia\/\",\"url\":\"https:\/\/vistaroses.es\/serveis\/contactologia\/\",\"name\":\"Contactologia - vistaoptica\",\"isPartOf\":{\"@id\":\"https:\/\/vistaroses.es\/es\/#website\"},\"datePublished\":\"2017-09-17T07:32:25+00:00\",\"dateModified\":\"2017-09-29T14:52:51+00:00\",\"breadcrumb\":{\"@id\":\"https:\/\/vistaroses.es\/serveis\/contactologia\/#breadcrumb\"},\"inLanguage\":\"es\",\"potentialAction\":[{\"@type\":\"ReadAction\",\"target\":[\"https:\/\/vistaroses.es\/serveis\/contactologia\/\"]}]},{\"@type\":\"BreadcrumbList\",\"@id\":\"https:\/\/vistaroses.es\/serveis\/contactologia\/#breadcrumb\",\"itemListElement\":[{\"@type\":\"ListItem\",\"position\":1,\"name\":\"Home\",\"item\":\"https:\/\/vistaroses.es\/es\/\"},{\"@type\":\"ListItem\",\"position\":2,\"name\":\"Serveis\",\"item\":\"https:\/\/vistaroses.es\/serveis\/\"},{\"@type\":\"ListItem\",\"position\":3,\"name\":\"Contactologia\"}]},{\"@type\":\"WebSite\",\"@id\":\"https:\/\/vistaroses.es\/es\/#website\",\"url\":\"https:\/\/vistaroses.es\/es\/\",\"name\":\"vistaoptica\",\"description\":\"Tienda de vistaoptica a Roses Girona\",\"potentialAction\":[{\"@type\":\"SearchAction\",\"target\":{\"@type\":\"EntryPoint\",\"urlTemplate\":\"https:\/\/vistaroses.es\/es\/?s={search_term_string}\"},\"query-input\":\"required name=search_term_string\"}],\"inLanguage\":\"es\"}]}<\/script>\n<!-- \/ Yoast SEO plugin. -->","yoast_head_json":{"title":"Contactologia - vistaoptica","robots":{"index":"index","follow":"follow","max-snippet":"max-snippet:-1","max-image-preview":"max-image-preview:large","max-video-preview":"max-video-preview:-1"},"canonical":"https:\/\/vistaroses.es\/serveis\/contactologia\/","og_locale":"es_ES","og_type":"article","og_title":"Contactologia - vistaoptica","og_description":"[vc_row type=\u00bbvc_default\u00bb css=\u00bb.vc_custom_1474212455358{margin-bottom: -50px !important;}\u00bb][vc_column offset=\u00bbvc_col-lg-8 vc_col-md-8 vc_col-xs-12&#8243; css=\u00bb.vc_custom_1474210659519{margin-bottom: 50px !important;padding-right: 25px !important;padding-left: 25px !important;}\u00bb][vc_single_image image=\u00bb120&#8243; img_size=\u00bb1000&#215;531&#8243; css=\u00bb.vc_custom_1506439749533{margin-bottom: 35px !important;}\u00bb][vc_column_text]La contactologia \u00e9s una disciplina optom\u00e8trica que s&#8217;encarrega de l&#8217;estudi i adaptaci\u00f3 de les lents de contacte com a m\u00e8tode de correcci\u00f3 \u00f2ptica per problemes refractius o altres anomalies visuals (deformitats corneals, presb\u00edcia, etc.).[\/vc_column_text][vc_accordion active_tab=\u00bb1&#8243; collapsible=\u00bbyes\u00bb&hellip;","og_url":"https:\/\/vistaroses.es\/serveis\/contactologia\/","og_site_name":"vistaoptica","article_publisher":"https:\/\/www.facebook.com\/VitaopticaRoses","article_modified_time":"2017-09-29T14:52:51+00:00","twitter_card":"summary_large_image","twitter_site":"@VistaOpt_Roses","twitter_misc":{"Tiempo de lectura":"5 minutos"},"schema":{"@context":"https:\/\/schema.org","@graph":[{"@type":"WebPage","@id":"https:\/\/vistaroses.es\/serveis\/contactologia\/","url":"https:\/\/vistaroses.es\/serveis\/contactologia\/","name":"Contactologia - vistaoptica","isPartOf":{"@id":"https:\/\/vistaroses.es\/es\/#website"},"datePublished":"2017-09-17T07:32:25+00:00","dateModified":"2017-09-29T14:52:51+00:00","breadcrumb":{"@id":"https:\/\/vistaroses.es\/serveis\/contactologia\/#breadcrumb"},"inLanguage":"es","potentialAction":[{"@type":"ReadAction","target":["https:\/\/vistaroses.es\/serveis\/contactologia\/"]}]},{"@type":"BreadcrumbList","@id":"https:\/\/vistaroses.es\/serveis\/contactologia\/#breadcrumb","itemListElement":[{"@type":"ListItem","position":1,"name":"Home","item":"https:\/\/vistaroses.es\/es\/"},{"@type":"ListItem","position":2,"name":"Serveis","item":"https:\/\/vistaroses.es\/serveis\/"},{"@type":"ListItem","position":3,"name":"Contactologia"}]},{"@type":"WebSite","@id":"https:\/\/vistaroses.es\/es\/#website","url":"https:\/\/vistaroses.es\/es\/","name":"vistaoptica","description":"Tienda de vistaoptica a Roses Girona","potentialAction":[{"@type":"SearchAction","target":{"@type":"EntryPoint","urlTemplate":"https:\/\/vistaroses.es\/es\/?s={search_term_string}"},"query-input":"required name=search_term_string"}],"inLanguage":"es"}]}},"_links":{"self":[{"href":"https:\/\/vistaroses.es\/es\/wp-json\/wp\/v2\/pages\/12"}],"collection":[{"href":"https:\/\/vistaroses.es\/es\/wp-json\/wp\/v2\/pages"}],"about":[{"href":"https:\/\/vistaroses.es\/es\/wp-json\/wp\/v2\/types\/page"}],"author":[{"embeddable":true,"href":"https:\/\/vistaroses.es\/es\/wp-json\/wp\/v2\/users\/1"}],"replies":[{"embeddable":true,"href":"https:\/\/vistaroses.es\/es\/wp-json\/wp\/v2\/comments?post=12"}],"version-history":[{"count":19,"href":"https:\/\/vistaroses.es\/es\/wp-json\/wp\/v2\/pages\/12\/revisions"}],"predecessor-version":[{"id":205,"href":"https:\/\/vistaroses.es\/es\/wp-json\/wp\/v2\/pages\/12\/revisions\/205"}],"up":[{"embeddable":true,"href":"https:\/\/vistaroses.es\/es\/wp-json\/wp\/v2\/pages\/157"}],"wp:attachment":[{"href":"https:\/\/vistaroses.es\/es\/wp-json\/wp\/v2\/media?parent=12"}],"curies":[{"name":"wp","href":"https:\/\/api.w.org\/{rel}","templated":true}]}}